{"id":2525,"date":"2025-05-20T08:44:29","date_gmt":"2025-05-20T08:44:29","guid":{"rendered":"https:\/\/cad.healthcare\/technologien\/cad-healthcare-watch\/"},"modified":"2025-05-30T12:49:37","modified_gmt":"2025-05-30T12:49:37","slug":"cad-healthcare-watch","status":"publish","type":"page","link":"https:\/\/cad.healthcare\/de\/technologien\/cad-healthcare-watch\/","title":{"rendered":"CAD Healthcare Watch"},"content":{"rendered":"<h2 class=\"p3\"><b>Sicherheit, Fernbetreuung und Gesundheits\u00fcberwachung<\/b><\/h2>\n<p class=\"p4\"><span class=\"s1\"><b>Die CAD Healthcare Watch<\/b><\/span> ist eine revolution\u00e4re Innovation im Bereich der Fernbetreuung und Telemedizin. Dieses mit modernster Technologie entwickelte<span class=\"s1\"><b> zertifizierte Medizinprodukt der Klasse IIa<\/b><\/span> ist insbesondere f\u00fcr \u00e4ltere Menschen und Personen mit eingeschr\u00e4nkter Mobilit\u00e4t konzipiert und gew\u00e4hrleistet Sicherheit, Unabh\u00e4ngigkeit und eine <span class=\"s1\"><b>kontinuierliche Gesundheits\u00fcberwachung.<\/b><\/span><\/p>\n<h2 class=\"p5\"><b>Keine Smartwatch, sondern ein lebensrettendes Medizinprodukt<\/b><\/h2>\n<p class=\"p4\">Die Healthcare Watch ist keine gew\u00f6hnliche Smartwatch, sondern ein medizinisches Ger\u00e4t, das<span class=\"s1\"><b> direkt mit der CAD-Leitstelle verbunden ist<\/b><\/span>, wo Fachkr\u00e4fte rund um die Uhr einsatzbereit sind. In Notf\u00e4llen wie St\u00fcrzen, Bewusstlosigkeit oder Herzinfarkten kann der Patient den <span class=\"s1\"><b>SOS-Knopf <\/b><\/span>dr\u00fccken, woraufhin der CAD-Mitarbeiter automatisch alarmiert wird, anhand der vom Ger\u00e4t in Echtzeit \u00fcbermittelten Daten sofort den Gesundheitszustand beurteilt und <span class=\"s1\"><b>umgehend den Rettungsdienst alarmiert<\/b><\/span>. Dieses schnelle und pr\u00e4zises Eingreifen kann schwerwiegende Komplikationen verhindern und stellt ein Lebensretter-Ger\u00e4t dar, wodurch die Lebensqualit\u00e4t erheblich verbessert wird und die Sicherheit der schw\u00e4chsten Personen und ihrer Familienangeh\u00f6rigen gew\u00e4hrleistet wird.<\/p>\n<h2 class=\"p5\"><b>Was macht CAD Healthcare Watch so einzigartig?<\/b><\/h2>\n<p class=\"p4\"><span class=\"s1\"><b>SOS 24\/7 mit einem Klick<\/b><\/span>: Durch die Verbindung zu einer rund um die Uhr besetzten Einsatzzentrale ist im Notfall innerhalb von 20 Minuten nach der Meldung sofortige Hilfe garantiert.<\/p>\n<p class=\"p4\"><span class=\"s1\"><b>Fortschrittliche Geolokalisierung und Geofencing-Funktion<\/b><\/span>: \u00dcberwacht den Standort in Echtzeit und erm\u00f6glicht die Koordination gezielter Eins\u00e4tze vor Ort. Au\u00dferdem k\u00f6nnen Sicherheitsbereiche festgelegt werden, die bei \u00dcberschreitung einen Alarm ausl\u00f6sen.<\/p>\n<p class=\"p4\"><span class=\"s1\"><b>Automatische Sturzerkennung<\/b><\/span>: Die automatische Sturzerkennung l\u00f6st einen Alarm und ruft Hilfe, auch wenn der Benutzer den Knopf nicht dr\u00fccken kann.<\/p>\n<p class=\"p4\"><span class=\"s1\"><b>Professionelle Vital\u00fcberwachung<\/b><\/span>: Messung von Herzfrequenz, Sauerstoffs\u00e4ttigung und k\u00f6rperlicher Aktivit\u00e4t. Die Messintervalle k\u00f6nnen je nach Zustand des Patienten individuell angepasst werden. Die Werte werden in Echtzeit an die Einsatzzentrale weitergeleitet.<\/p>\n<p class=\"p4\"><span class=\"s1\"><b>Intuitives und robustes Design<\/b><\/span>: \u00c4hnlich wie eine Smartwatch, wasserdicht und mit einer Akkulaufzeit von 3 Tagen. Die Zentrale erkennt sogar den Akkustatus.<\/p>\n<p class=\"p4\"><span class=\"s1\"><b>Bidirektionale Kommunikation<\/b><\/span>: Direkte Sprachanrufe mit Mitarbeitern f\u00fcr sofortige Hilfe.<\/p>\n<h2 class=\"p3\"><b>Die Vorteile von Healthcare Watch in der h\u00e4uslichen Pflege<\/b><\/h2>\n<h3 class=\"p7\"><b>Erweiterte Gesundheits\u00fcberwachung<\/b><\/h3>\n<p class=\"p4\">Ausgestattet mit<span class=\"s1\"><b> fortschrittlichen medizinischen Sensoren<\/b><\/span> \u00fcberwacht Healthcare Watch in Echtzeit die wichtigsten <span class=\"s1\"><b>Vitalparameter:<\/b><\/span><\/p>\n<ul class=\"ul1\">\n<li class=\"li4\">Herzfrequenz (medizinische Klasse)<\/li>\n<li class=\"li4\">Sauerstoffs\u00e4ttigung im Blut<\/li>\n<li class=\"li4\">Automatische Erkennung von St\u00fcrzen und Bewegungslosigkeit<\/li>\n<li class=\"li4\">T\u00e4gliche k\u00f6rperliche Aktivit\u00e4t (Schritte, BMI, BMR)<\/li>\n<\/ul>\n<p class=\"p4\">Diese Daten werden in Echtzeit an die CAD-Einsatzzentrale weitergeleitet, wo ein geschultes Pflegepersonal <span class=\"s1\"><b>im Falle von Anomalien schnell eingreifen kann<\/b><\/span>.<\/p>\n<h3 class=\"p7\"><b>T\u00e4gliche Sicherheit mit einem Klick<\/b><\/h3>\n<p class=\"p4\">Dank der <span class=\"s1\"><b>leicht zug\u00e4nglichen SOS-Taste<\/b><\/span> erm\u00f6glicht die Healthcare Watch von CAD dem Benutzer, in <span class=\"s1\"><b>Notf\u00e4llen sofort Hilfe anzufordern<\/b><\/span>, ohne Telefone oder komplizierte Verfahren verwenden zu m\u00fcssen. Bei einem Sturz ist das Ger\u00e4t mit einem Sensor ausgestattet, der den Vorfall erkennt und automatisch einen Alarm an die CAD-Einsatzzentrale sendet, die rund um die Uhr erreichbar ist.<\/p>\n<h3 class=\"p7\"><b>Fortschrittliche Kommunikation und pr\u00e4zise Ortung<\/b><\/h3>\n<p class=\"p4\">Die CAD Healthcare Watch <span class=\"s1\"><b>unterst\u00fctzt zahlreiche Kommunikationstechnologien <\/b><\/span>(4G, LTE, Wi-Fi, BLE 5.1), sodass kein separates Telefon erforderlich ist. Die fortschrittliche Ortung \u00fcber GPS, Wi-Fi und BLE-Beacons erm\u00f6glicht eine schnelle Lokalisierung sowohl im Innen- als auch im Au\u00dfenbereich. Funktionen wie die <span class=\"s1\"><b>Sicherheitszone<\/b><\/span> erm\u00f6glichen es, gesch\u00fctzte Bereiche (Geo-Fencing-Funktion) zu definieren und sofort benachrichtigt zu werden, wenn der festgelegte Bereich verlassen wird. Das Healthcare Watch-System ist innerhalb der gesamten Schweiz funktionsf\u00e4hig.<\/p>\n<h3 class=\"p7\"><b>Elegantes und funktionales Design<\/b><\/h3>\n<p class=\"p4\">Die Healthcare Watch besteht aus <span class=\"s1\"><b>hypoallergenen Materialien<\/b><\/span> und ist gem\u00e4\u00df IP67 <span class=\"s1\"><b>wasserdicht<\/b><\/span>. Das kontrastreiche OLED-Display garantiert <span class=\"s1\"><b>optimale Sichtbarkeit<\/b><\/span> bei allen Lichtverh\u00e4ltnissen. Mit einer <span class=\"s1\"><b>Akkulaufzeit<\/b><\/span> von bis zu drei Tagen mit einer einzigen Ladung (vollst\u00e4ndig in nur 2 Stunden) vereint diese Smartwatch Alltagstauglichkeit und medizinische Zuverl\u00e4ssigkeit.<\/p>\n<h2 class=\"p5\"><b>Vorteile des Notrufsystems f\u00fcr Nutzer, Angeh\u00f6rige und Einrichtungen<\/b><\/h2>\n<p class=\"p4\">Der Einsatz der Healthcare Watch garantiert:<\/p>\n<ul class=\"ul1\">\n<li class=\"li4\">Mehr Unabh\u00e4ngigkeit, Lebensqualit\u00e4t und Sicherheit f\u00fcr \u00e4ltere Menschen<\/li>\n<li class=\"li4\">Weniger Stress und besseres Zeitmanagement f\u00fcr Angeh\u00f6rige<\/li>\n<li class=\"li4\">Optimierung der Gesundheitsdienste<\/li>\n<li class=\"li4\">Kostensenkung f\u00fcr Institutionen und Kommunalverwaltungen<\/li>\n<\/ul>\n<p class=\"p4\">Die Healthcare Watch von CAD ist die<span class=\"s1\"><b> ideale L\u00f6sung, um ein unabh\u00e4ngiges und sicheres Lebensumfeld zu f\u00f6rdern<\/b><\/span>, die Lebensqualit\u00e4t der Nutzer zu verbessern und Patienten und ihren Angeh\u00f6rigen Sicherheit zu geben.<\/p>\n<p class=\"p4\">Kontaktieren Sie uns, um zu erfahren, wie Sie Healthcare Watch f\u00fcr sich, Ihre Patienten oder Ihre Angeh\u00f6rigen implementieren k\u00f6nnen.<\/p>\n<p class=\"p12\"><a class=\"et_pb_button\" href=\"https:\/\/cad.healthcare\/de\/kontakt\/\">Kontaktieren Sie uns<\/a><\/p>\n","protected":false},"excerpt":{"rendered":"<p>Medizinisches Ger\u00e4t zur kontinuierlichen Patienten\u00fcberwachung<\/p>\n","protected":false},"author":6,"featured_media":2133,"parent":1912,"menu_order":0,"comment_status":"closed","ping_status":"closed","template":"","meta":{"_et_pb_use_builder":"off","_et_pb_old_content":"","_et_gb_content_width":"","inline_featured_image":false,"footnotes":""},"class_list":["post-2525","page","type-page","status-publish","has-post-thumbnail","hentry"],"yoast_head":"<!-- This site is optimized with the Yoast SEO plugin v27.5 - https:\/\/yoast.com\/product\/yoast-seo-wordpress\/ -->\n<title>Healthcare Watch | Medizinisches Telemonitoring-Ger\u00e4t | CAD<\/title>\n<meta name=\"description\" content=\"Healthcare Watch: ein medizinisches Telemonitoring- und Notrufger\u00e4t mit SOS-Taste, rund um die Uhr mit der Einsatzzentrale verbunden.\" \/>\n<meta name=\"robots\" content=\"index, follow, max-snippet:-1, max-image-preview:large, max-video-preview:-1\" \/>\n<link rel=\"canonical\" href=\"https:\/\/cad.healthcare\/de\/technologien\/cad-healthcare-watch\/\" \/>\n<meta property=\"og:locale\" content=\"de_DE\" \/>\n<meta property=\"og:type\" content=\"article\" \/>\n<meta property=\"og:title\" content=\"Healthcare Watch | Medizinisches Telemonitoring-Ger\u00e4t | CAD\" \/>\n<meta property=\"og:description\" content=\"Healthcare Watch: ein medizinisches Telemonitoring- und Notrufger\u00e4t mit SOS-Taste, rund um die Uhr mit der Einsatzzentrale verbunden.\" \/>\n<meta property=\"og:url\" content=\"https:\/\/cad.healthcare\/de\/technologien\/cad-healthcare-watch\/\" \/>\n<meta property=\"og:site_name\" content=\"CAD\" \/>\n<meta property=\"article:modified_time\" content=\"2025-05-30T12:49:37+00:00\" \/>\n<meta property=\"og:image\" content=\"https:\/\/cad.healthcare\/wp-content\/uploads\/2025\/05\/CAD-healthcare-watch-bracciale-telesoccorso.jpg\" \/>\n\t<meta property=\"og:image:width\" content=\"890\" \/>\n\t<meta property=\"og:image:height\" content=\"620\" \/>\n\t<meta property=\"og:image:type\" content=\"image\/jpeg\" \/>\n<meta name=\"twitter:card\" content=\"summary_large_image\" \/>\n<meta name=\"twitter:label1\" content=\"Gesch\u00e4tzte Lesezeit\" \/>\n\t<meta name=\"twitter:data1\" content=\"4\u00a0Minuten\" \/>\n<script type=\"application\/ld+json\" class=\"yoast-schema-graph\">{\"@context\":\"https:\\\/\\\/schema.org\",\"@graph\":[{\"@type\":\"WebPage\",\"@id\":\"https:\\\/\\\/cad.healthcare\\\/de\\\/technologien\\\/cad-healthcare-watch\\\/\",\"url\":\"https:\\\/\\\/cad.healthcare\\\/de\\\/technologien\\\/cad-healthcare-watch\\\/\",\"name\":\"Healthcare Watch | Medizinisches Telemonitoring-Ger\u00e4t | CAD\",\"isPartOf\":{\"@id\":\"https:\\\/\\\/cad.healthcare\\\/de\\\/#website\"},\"primaryImageOfPage\":{\"@id\":\"https:\\\/\\\/cad.healthcare\\\/de\\\/technologien\\\/cad-healthcare-watch\\\/#primaryimage\"},\"image\":{\"@id\":\"https:\\\/\\\/cad.healthcare\\\/de\\\/technologien\\\/cad-healthcare-watch\\\/#primaryimage\"},\"thumbnailUrl\":\"https:\\\/\\\/cad.healthcare\\\/wp-content\\\/uploads\\\/2025\\\/05\\\/CAD-healthcare-watch-bracciale-telesoccorso.jpg\",\"datePublished\":\"2025-05-20T08:44:29+00:00\",\"dateModified\":\"2025-05-30T12:49:37+00:00\",\"description\":\"Healthcare Watch: ein medizinisches Telemonitoring- und Notrufger\u00e4t mit SOS-Taste, rund um die Uhr mit der Einsatzzentrale verbunden.\",\"breadcrumb\":{\"@id\":\"https:\\\/\\\/cad.healthcare\\\/de\\\/technologien\\\/cad-healthcare-watch\\\/#breadcrumb\"},\"inLanguage\":\"de\",\"potentialAction\":[{\"@type\":\"ReadAction\",\"target\":[\"https:\\\/\\\/cad.healthcare\\\/de\\\/technologien\\\/cad-healthcare-watch\\\/\"]}]},{\"@type\":\"ImageObject\",\"inLanguage\":\"de\",\"@id\":\"https:\\\/\\\/cad.healthcare\\\/de\\\/technologien\\\/cad-healthcare-watch\\\/#primaryimage\",\"url\":\"https:\\\/\\\/cad.healthcare\\\/wp-content\\\/uploads\\\/2025\\\/05\\\/CAD-healthcare-watch-bracciale-telesoccorso.jpg\",\"contentUrl\":\"https:\\\/\\\/cad.healthcare\\\/wp-content\\\/uploads\\\/2025\\\/05\\\/CAD-healthcare-watch-bracciale-telesoccorso.jpg\",\"width\":890,\"height\":620,\"caption\":\"healthcare watch bracciale telesoccorso\"},{\"@type\":\"BreadcrumbList\",\"@id\":\"https:\\\/\\\/cad.healthcare\\\/de\\\/technologien\\\/cad-healthcare-watch\\\/#breadcrumb\",\"itemListElement\":[{\"@type\":\"ListItem\",\"position\":1,\"name\":\"Home\",\"item\":\"https:\\\/\\\/cad.healthcare\\\/de\\\/\"},{\"@type\":\"ListItem\",\"position\":2,\"name\":\"Technologien\",\"item\":\"https:\\\/\\\/cad.healthcare\\\/de\\\/technologien\\\/\"},{\"@type\":\"ListItem\",\"position\":3,\"name\":\"CAD Healthcare Watch\"}]},{\"@type\":\"WebSite\",\"@id\":\"https:\\\/\\\/cad.healthcare\\\/de\\\/#website\",\"url\":\"https:\\\/\\\/cad.healthcare\\\/de\\\/\",\"name\":\"CAD\",\"description\":\"Innovazione e Cura, direttamente a Casa Tua\",\"potentialAction\":[{\"@type\":\"SearchAction\",\"target\":{\"@type\":\"EntryPoint\",\"urlTemplate\":\"https:\\\/\\\/cad.healthcare\\\/de\\\/?s={search_term_string}\"},\"query-input\":{\"@type\":\"PropertyValueSpecification\",\"valueRequired\":true,\"valueName\":\"search_term_string\"}}],\"inLanguage\":\"de\"}]}<\/script>\n<!-- \/ Yoast SEO plugin. -->","yoast_head_json":{"title":"Healthcare Watch | Medizinisches Telemonitoring-Ger\u00e4t | CAD","description":"Healthcare Watch: ein medizinisches Telemonitoring- und Notrufger\u00e4t mit SOS-Taste, rund um die Uhr mit der Einsatzzentrale verbunden.","robots":{"index":"index","follow":"follow","max-snippet":"max-snippet:-1","max-image-preview":"max-image-preview:large","max-video-preview":"max-video-preview:-1"},"canonical":"https:\/\/cad.healthcare\/de\/technologien\/cad-healthcare-watch\/","og_locale":"de_DE","og_type":"article","og_title":"Healthcare Watch | Medizinisches Telemonitoring-Ger\u00e4t | CAD","og_description":"Healthcare Watch: ein medizinisches Telemonitoring- und Notrufger\u00e4t mit SOS-Taste, rund um die Uhr mit der Einsatzzentrale verbunden.","og_url":"https:\/\/cad.healthcare\/de\/technologien\/cad-healthcare-watch\/","og_site_name":"CAD","article_modified_time":"2025-05-30T12:49:37+00:00","og_image":[{"width":890,"height":620,"url":"https:\/\/cad.healthcare\/wp-content\/uploads\/2025\/05\/CAD-healthcare-watch-bracciale-telesoccorso.jpg","type":"image\/jpeg"}],"twitter_card":"summary_large_image","twitter_misc":{"Gesch\u00e4tzte Lesezeit":"4\u00a0Minuten"},"schema":{"@context":"https:\/\/schema.org","@graph":[{"@type":"WebPage","@id":"https:\/\/cad.healthcare\/de\/technologien\/cad-healthcare-watch\/","url":"https:\/\/cad.healthcare\/de\/technologien\/cad-healthcare-watch\/","name":"Healthcare Watch | Medizinisches Telemonitoring-Ger\u00e4t | CAD","isPartOf":{"@id":"https:\/\/cad.healthcare\/de\/#website"},"primaryImageOfPage":{"@id":"https:\/\/cad.healthcare\/de\/technologien\/cad-healthcare-watch\/#primaryimage"},"image":{"@id":"https:\/\/cad.healthcare\/de\/technologien\/cad-healthcare-watch\/#primaryimage"},"thumbnailUrl":"https:\/\/cad.healthcare\/wp-content\/uploads\/2025\/05\/CAD-healthcare-watch-bracciale-telesoccorso.jpg","datePublished":"2025-05-20T08:44:29+00:00","dateModified":"2025-05-30T12:49:37+00:00","description":"Healthcare Watch: ein medizinisches Telemonitoring- und Notrufger\u00e4t mit SOS-Taste, rund um die Uhr mit der Einsatzzentrale verbunden.","breadcrumb":{"@id":"https:\/\/cad.healthcare\/de\/technologien\/cad-healthcare-watch\/#breadcrumb"},"inLanguage":"de","potentialAction":[{"@type":"ReadAction","target":["https:\/\/cad.healthcare\/de\/technologien\/cad-healthcare-watch\/"]}]},{"@type":"ImageObject","inLanguage":"de","@id":"https:\/\/cad.healthcare\/de\/technologien\/cad-healthcare-watch\/#primaryimage","url":"https:\/\/cad.healthcare\/wp-content\/uploads\/2025\/05\/CAD-healthcare-watch-bracciale-telesoccorso.jpg","contentUrl":"https:\/\/cad.healthcare\/wp-content\/uploads\/2025\/05\/CAD-healthcare-watch-bracciale-telesoccorso.jpg","width":890,"height":620,"caption":"healthcare watch bracciale telesoccorso"},{"@type":"BreadcrumbList","@id":"https:\/\/cad.healthcare\/de\/technologien\/cad-healthcare-watch\/#breadcrumb","itemListElement":[{"@type":"ListItem","position":1,"name":"Home","item":"https:\/\/cad.healthcare\/de\/"},{"@type":"ListItem","position":2,"name":"Technologien","item":"https:\/\/cad.healthcare\/de\/technologien\/"},{"@type":"ListItem","position":3,"name":"CAD Healthcare Watch"}]},{"@type":"WebSite","@id":"https:\/\/cad.healthcare\/de\/#website","url":"https:\/\/cad.healthcare\/de\/","name":"CAD","description":"Innovazione e Cura, direttamente a Casa Tua","potentialAction":[{"@type":"SearchAction","target":{"@type":"EntryPoint","urlTemplate":"https:\/\/cad.healthcare\/de\/?s={search_term_string}"},"query-input":{"@type":"PropertyValueSpecification","valueRequired":true,"valueName":"search_term_string"}}],"inLanguage":"de"}]}},"_links":{"self":[{"href":"https:\/\/cad.healthcare\/de\/wp-json\/wp\/v2\/pages\/2525","targetHints":{"allow":["GET"]}}],"collection":[{"href":"https:\/\/cad.healthcare\/de\/wp-json\/wp\/v2\/pages"}],"about":[{"href":"https:\/\/cad.healthcare\/de\/wp-json\/wp\/v2\/types\/page"}],"author":[{"embeddable":true,"href":"https:\/\/cad.healthcare\/de\/wp-json\/wp\/v2\/users\/6"}],"replies":[{"embeddable":true,"href":"https:\/\/cad.healthcare\/de\/wp-json\/wp\/v2\/comments?post=2525"}],"version-history":[{"count":0,"href":"https:\/\/cad.healthcare\/de\/wp-json\/wp\/v2\/pages\/2525\/revisions"}],"up":[{"embeddable":true,"href":"https:\/\/cad.healthcare\/de\/wp-json\/wp\/v2\/pages\/1912"}],"wp:featuredmedia":[{"embeddable":true,"href":"https:\/\/cad.healthcare\/de\/wp-json\/wp\/v2\/media\/2133"}],"wp:attachment":[{"href":"https:\/\/cad.healthcare\/de\/wp-json\/wp\/v2\/media?parent=2525"}],"curies":[{"name":"wp","href":"https:\/\/api.w.org\/{rel}","templated":true}]}}