{"id":2548,"date":"2025-05-20T09:07:48","date_gmt":"2025-05-20T09:07:48","guid":{"rendered":"https:\/\/cad.healthcare\/dienstleistungen\/healthcare-family-office-hfo\/"},"modified":"2025-05-29T09:07:16","modified_gmt":"2025-05-29T09:07:16","slug":"healthcare-family-office-hfo","status":"publish","type":"page","link":"https:\/\/cad.healthcare\/de\/dienstleistungen\/healthcare-family-office-hfo\/","title":{"rendered":"Healthcare Family Office (HFO)"},"content":{"rendered":"<p class=\"p3\">Das <b>Healthcare Family Office (HFO)<\/b> entstand aus der Integration des personalisierten und mitf\u00fchlenden Versorgungsmodells von CAD und dem typischen Organisationsansatz eines Family Office. Ein Service, der auf die klinischen Bed\u00fcrfnisse von Familien zugeschnitten ist, die eine <b>umfassende, kontinuierliche und hochspezialisierte Koordination ihrer Gesundheitsversorgung ben\u00f6tigen<\/b>. <\/p>\n<p>&nbsp;<\/p>\n<h2 class=\"p2\"><b>Ein ganzheitlicher Ansatz f\u00fcr Familien mit komplexen medizinischen Bed\u00fcrfnissen<\/b><\/h2>\n<p>&nbsp;<\/p>\n<p class=\"p3\">Das HFO wurde entwickelt, um <b>Familien<\/b> in akuten, chronischen oder komplexen klinischen Situationen zu begleiten und ihnen eine solide und strukturierte Unterst\u00fctzung zu bieten.<br \/>\nEs versteht sich als <b>Partner im Gesundheitsmanagement <\/b>und \u00fcbernimmt dank eines <b>hochqualifizierten und professionellen<\/b> Teams die <b>Koordination aller <\/b><b>Phasen des Behandlungsprozesses<\/b>.<\/p>\n<p class=\"p3\">Das Ziel ist nicht nur die Bereitstellung von Unterst\u00fctzung, sondern die harmonische und proaktive <b>Koordination aller Aspekte des Behandlungsprozesses<\/b>, um die Verwaltungslast zu verringern, Stress abzubauen und maximale Sicherheit und Vertraulichkeit zu gew\u00e4hrleisten.Ein zuverl\u00e4ssiger und einzigartiger Ansprechpartner in der Schweiz und f\u00fcr Umz\u00fcge ins Ausland. <\/p>\n<p>&nbsp;<\/p>\n<h2 class=\"p2\"><b>Ein Pflege-\u00d6kosystem, das sich um die Familie herum aufbaut<\/b><\/h2>\n<p>&nbsp;<\/p>\n<p class=\"p3\">Das <b>Healthcare Family Office (HFO)<\/b> <b>verbindet den menschlichen und pers\u00f6nlichen Ansatz der h\u00e4uslichen Pflege<\/b> mit einer <b>strategischen und ganzheitlichen Vision der Familiengesundheit.<\/b> Inspiriert vom Grundsatz <i>\u00abPflege, wie von einer Familie\u00bb<\/i>, bietet es <b>ma\u00dfgeschneiderte Gesundheitsl\u00f6sungen<\/b> und eine Vielzahl von klinischen und organisatorischen Dienstleistungen, darunter:<\/p>\n<p>&nbsp;<\/p>\n<ul class=\"ul1\">\n<li class=\"li3\">Individuelle Gesundheitskoordination<\/li>\n<li class=\"li3\">Zugang zu fortschrittlichen medizinischen Technologien<\/li>\n<li class=\"li3\">Kontinuierliche h\u00e4usliche Pflege<\/li>\n<li class=\"li3\">Umfassendes Gesundheitsmanagement<\/li>\n<li class=\"li3\">Administrative Unterst\u00fctzung<\/li>\n<li class=\"li3\">Logistikmanagement im Gesundheitswesen<\/li>\n<\/ul>\n<p>&nbsp;<\/p>\n<h2 class=\"p2\"><b>Die Dienstleistungen des Healthcare Family Office<\/b><b> <\/b><\/h2>\n<p>&nbsp;<\/p>\n<p class=\"p3\"><b>1. Individuelle Gesundheitskoordination<\/b><\/p>\n<p class=\"p3\">Ein <b>dedizierter Case Manager<\/b> \u00fcberwacht jede Phase des Behandlungsverlaufs und koordiniert ein multidisziplin\u00e4res Team, das<b> individuelle Behandlungspl\u00e4ne<\/b> f\u00fcr jedes Familienmitglied erstellt, \u00fcberwacht und aktualisiert. Wir arbeiten mit den besten Spezialisten und medizinischen Einrichtungen auf nationaler und internationaler Ebene zusammen und gew\u00e4hrleisten Kontinuit\u00e4t und hochwertige Betreuung. <\/p>\n<p class=\"p3\"><b>2. Integration fortschrittlicher Gesundheitstechnologien<\/b><\/p>\n<p class=\"p3\">Das HFO integriert fortschrittliche Instrumente und Dienstleistungen: <b>personalisierte Telemedizin,<\/b> <b>durch k\u00fcnstliche Intelligenz unterst\u00fctzte Diagnostik<\/b>, Pr\u00e4zisionsmedizin und zertifizierte Ger\u00e4te zur <b>vorausschauenden und proaktiven \u00dcberwachung<\/b> des Gesundheitszustands.<\/p>\n<p class=\"p3\"><b>3. Exzellenz in der h\u00e4uslichen Pflege<\/b><\/p>\n<p class=\"p3\">Das Engagement von CAD Healthcare ist darauf ausgerichtet, Menschen ein \u201e<b>w\u00fcrdiges und komfortables Leben<\/b>\u201c zu Hause zu erm\u00f6glichen, mit der gleichen Qualit\u00e4t wie in einem Krankenhaus. HFO bietet kontinuierliche h\u00e4usliche Pflege, die durch hochqualifiziertes Personal und <b>intelligente Technologien <\/b>gew\u00e4hrleistet wird, die eine umfassende und sichere klinische Versorgung rund um die Uhr erm\u00f6glichen. <\/p>\n<p class=\"p3\"><b>4. Reduzierung des Verwaltungsaufwands<\/b><\/p>\n<p class=\"p3\">HFO <b>entlastet Familien von der klinischen, logistischen und administrativen <\/b>Verwaltung. Alle Aspekte werden zentral koordiniert: Ma\u00dfnahmen, Termine, Arztbesuche, Gesundheitsb\u00fcrokratie. Eine umfassende und vertrauliche Unterst\u00fctzung.  <\/p>\n<p class=\"p3\"><b>5. Proaktivit\u00e4t und strategische Planung<\/b><\/p>\n<p class=\"p4\">Nicht nur Reaktion auf Bed\u00fcrfnisse, sondern Vorausplanung: Das <b>HFO-Modell arbeitet vorausschauend<\/b> und arbeitet mit Experten f\u00fcr Pr\u00e4ventivmedizin und Langlebigkeit zusammen, um ma\u00dfgeschneiderte Gesundheitsstrategien mit einer intelligenten Verwaltung aller klinischen Aspekte zu planen.<\/p>\n<p class=\"p3\"><b>6. Globales Gesundheitsmanagement<\/b><\/p>\n<p class=\"p4\">Dieses Modell unterst\u00fctzt Familien mit internationalen Verbindungen. HFO verwaltet die Gesundheitsversorgung in verschiedenen L\u00e4ndern, <b>organisiert und koordiniert <\/b>die Betreuung und gew\u00e4hrleistet klinische Koh\u00e4renz, kulturelle Sensibilit\u00e4t und therapeutische Kontinuit\u00e4t im Einklang mit dem Netzwerkansatz von CAD Healthcare. <\/p>\n<p class=\"p3\"><b>7. Transfermanagement<\/b><\/p>\n<p class=\"p4\">Verwaltung von Transfers in der Schweiz und ins Ausland f\u00fcr \u00e4ltere und gebrechliche Menschen, die Pflege ben\u00f6tigen und von Fachpersonal begleitet werden m\u00fcssen. Koordination und administrative Verwaltung von medizinischen Transfers. <\/p>\n<p class=\"p3\"><b>8. Ethische und rechtliche Beratung<\/b><\/p>\n<p class=\"p4\">Begleitung bei komplexen klinischen Entscheidungen mit ethischer und rechtlicher Unterst\u00fctzung unter voller Achtung der W\u00fcrde des Menschen und der Werte der Familie.<\/p>\n<p class=\"p3\"><b>9. Datenschutz, Sicherheit und Diskretion<\/b><\/p>\n<p class=\"p5\">Alle Gesundheitsdaten werden nach den h\u00f6chsten Sicherheitsstandards verarbeitet, wobei absolute Vertraulichkeit bei der Kommunikation, dem Informationsaustausch und der Verwaltung klinischer Daten gew\u00e4hrleistet ist.<\/p>\n<p class=\"p5\">Digitale Plattformen dienen als operative Drehscheibe und bieten sicheren Zugang zu Informationen und \u00dcberwachungsfunktionen.<\/p>\n<p>&nbsp;<\/p>\n<h2 class=\"p2\"><b>Healthcare Family Office von CAD: Ihr Partner auf dem Weg zur Genesung<\/b><\/h2>\n<p class=\"p5\">Jede Familie erh\u00e4lt eine individuelle Behandlung mit auf ihre spezifischen Bed\u00fcrfnisse und famili\u00e4ren Gegebenheiten zugeschnittenen Behandlungspl\u00e4nen. Das HFO fungiert als <b>vertrauensw\u00fcrdiger Partner<\/b> auf dem Gesundheitsweg der Familie, bietet und vermittelt die beste L\u00f6sung auf der Grundlage der klinischen Bed\u00fcrfnisse und sichert Kontinuit\u00e4t, Qualit\u00e4t und Gelassenheit w\u00e4hrend des gesamten Behandlungsweges. <\/p>\n<p>&nbsp;<\/p>\n<h2 class=\"p2\"><b>Warum sollten Sie sich f\u00fcr das Healthcare Family Office entscheiden?<\/b><\/h2>\n<p>&nbsp;<\/p>\n<ul class=\"ul1\">\n<li class=\"li3\">Ein einziger Ansprechpartner f\u00fcr alle klinischen Bed\u00fcrfnisse<\/li>\n<li class=\"li3\">Schnelle Interventionen, rund um die Uhr<\/li>\n<li class=\"li3\">Integriertes medizinisches, rechtliches und technisches Team<\/li>\n<li class=\"li3\">Zertifizierte Gesundheitstechnologien der neuesten Generation<\/li>\n<li class=\"li3\">Ma\u00dfgeschneiderte Dienstleistungen f\u00fcr Familien mit komplexen medizinischen Bed\u00fcrfnissen<\/li>\n<li class=\"li3\">Vertraulichkeit, Empathie und individuelle Betreuung<\/li>\n<\/ul>\n<p>&nbsp;<\/p>\n<h2 class=\"p2\"><b>Gesundheitsmanagement wie in einer Familie. Mit h\u00f6chsten Standards. <\/b><\/h2>\n<p>&nbsp;<\/p>\n<p class=\"p5\">Das Healthcare Family Office ist nicht nur ein Service: Es ist <b>eine neue Art, das Wohlbefinden der Familie zu verstehen, basierend auf Vertrauen<\/b>, Kompetenz und Weitsicht. Es ist der Bezugspunkt f\u00fcr Familien, die das Beste in Sachen Pflege w\u00fcnschen. <\/p>\n<p class=\"p5\">Kontaktieren Sie uns, um die Aktivierung des Dienstes und weitere Details anzufordern.<\/p>\n<p><a class=\"et_pb_button\" href=\"https:\/\/cad.healthcare\/de\/technologien\/cad-safe-bed-system\/\">Kontaktieren Sie uns<\/a><\/p>\n","protected":false},"excerpt":{"rendered":"<p>Koordination der Gesundheitsversorgung f\u00fcr Familien<\/p>\n","protected":false},"author":6,"featured_media":2417,"parent":1899,"menu_order":10,"comment_status":"closed","ping_status":"closed","template":"","meta":{"_et_pb_use_builder":"","_et_pb_old_content":"","_et_gb_content_width":"","inline_featured_image":false,"footnotes":""},"class_list":["post-2548","page","type-page","status-publish","has-post-thumbnail","hentry"],"yoast_head":"<!-- This site is optimized with the Yoast SEO plugin v27.5 - https:\/\/yoast.com\/product\/yoast-seo-wordpress\/ -->\n<title>Healthcare Family Office | Globale Gesundheitskoordinierung | CAD<\/title>\n<meta name=\"description\" content=\"Healthcare Family Office: ein einziger Ansprechpartner f\u00fcr die Koordinierung der Gesundheitsversorgung von Familien mit komplexen medizinischen Bed\u00fcrfnissen.\" \/>\n<meta name=\"robots\" content=\"index, follow, max-snippet:-1, max-image-preview:large, max-video-preview:-1\" \/>\n<link rel=\"canonical\" href=\"https:\/\/cad.healthcare\/de\/dienstleistungen\/healthcare-family-office-hfo\/\" \/>\n<meta property=\"og:locale\" content=\"de_DE\" \/>\n<meta property=\"og:type\" content=\"article\" \/>\n<meta property=\"og:title\" content=\"Healthcare Family Office | Globale Gesundheitskoordinierung | CAD\" \/>\n<meta property=\"og:description\" content=\"Healthcare Family Office: ein einziger Ansprechpartner f\u00fcr die Koordinierung der Gesundheitsversorgung von Familien mit komplexen medizinischen Bed\u00fcrfnissen.\" \/>\n<meta property=\"og:url\" content=\"https:\/\/cad.healthcare\/de\/dienstleistungen\/healthcare-family-office-hfo\/\" \/>\n<meta property=\"og:site_name\" content=\"CAD\" \/>\n<meta property=\"article:modified_time\" content=\"2025-05-29T09:07:16+00:00\" \/>\n<meta property=\"og:image\" content=\"https:\/\/cad.healthcare\/wp-content\/uploads\/2025\/05\/service-hfo.png\" \/>\n\t<meta property=\"og:image:width\" content=\"890\" \/>\n\t<meta property=\"og:image:height\" content=\"620\" \/>\n\t<meta property=\"og:image:type\" content=\"image\/png\" \/>\n<meta name=\"twitter:card\" content=\"summary_large_image\" \/>\n<meta name=\"twitter:label1\" content=\"Gesch\u00e4tzte Lesezeit\" \/>\n\t<meta name=\"twitter:data1\" content=\"4\u00a0Minuten\" \/>\n<script type=\"application\/ld+json\" class=\"yoast-schema-graph\">{\"@context\":\"https:\\\/\\\/schema.org\",\"@graph\":[{\"@type\":\"WebPage\",\"@id\":\"https:\\\/\\\/cad.healthcare\\\/de\\\/dienstleistungen\\\/healthcare-family-office-hfo\\\/\",\"url\":\"https:\\\/\\\/cad.healthcare\\\/de\\\/dienstleistungen\\\/healthcare-family-office-hfo\\\/\",\"name\":\"Healthcare Family Office | Globale Gesundheitskoordinierung | CAD\",\"isPartOf\":{\"@id\":\"https:\\\/\\\/cad.healthcare\\\/de\\\/#website\"},\"primaryImageOfPage\":{\"@id\":\"https:\\\/\\\/cad.healthcare\\\/de\\\/dienstleistungen\\\/healthcare-family-office-hfo\\\/#primaryimage\"},\"image\":{\"@id\":\"https:\\\/\\\/cad.healthcare\\\/de\\\/dienstleistungen\\\/healthcare-family-office-hfo\\\/#primaryimage\"},\"thumbnailUrl\":\"https:\\\/\\\/cad.healthcare\\\/wp-content\\\/uploads\\\/2025\\\/05\\\/service-hfo.png\",\"datePublished\":\"2025-05-20T09:07:48+00:00\",\"dateModified\":\"2025-05-29T09:07:16+00:00\",\"description\":\"Healthcare Family Office: ein einziger Ansprechpartner f\u00fcr die Koordinierung der Gesundheitsversorgung von Familien mit komplexen medizinischen Bed\u00fcrfnissen.\",\"breadcrumb\":{\"@id\":\"https:\\\/\\\/cad.healthcare\\\/de\\\/dienstleistungen\\\/healthcare-family-office-hfo\\\/#breadcrumb\"},\"inLanguage\":\"de\",\"potentialAction\":[{\"@type\":\"ReadAction\",\"target\":[\"https:\\\/\\\/cad.healthcare\\\/de\\\/dienstleistungen\\\/healthcare-family-office-hfo\\\/\"]}]},{\"@type\":\"ImageObject\",\"inLanguage\":\"de\",\"@id\":\"https:\\\/\\\/cad.healthcare\\\/de\\\/dienstleistungen\\\/healthcare-family-office-hfo\\\/#primaryimage\",\"url\":\"https:\\\/\\\/cad.healthcare\\\/wp-content\\\/uploads\\\/2025\\\/05\\\/service-hfo.png\",\"contentUrl\":\"https:\\\/\\\/cad.healthcare\\\/wp-content\\\/uploads\\\/2025\\\/05\\\/service-hfo.png\",\"width\":890,\"height\":620,\"caption\":\"healthcare family office\"},{\"@type\":\"BreadcrumbList\",\"@id\":\"https:\\\/\\\/cad.healthcare\\\/de\\\/dienstleistungen\\\/healthcare-family-office-hfo\\\/#breadcrumb\",\"itemListElement\":[{\"@type\":\"ListItem\",\"position\":1,\"name\":\"Home\",\"item\":\"https:\\\/\\\/cad.healthcare\\\/de\\\/\"},{\"@type\":\"ListItem\",\"position\":2,\"name\":\"Dienstleistungen\",\"item\":\"https:\\\/\\\/cad.healthcare\\\/de\\\/servizi\\\/\"},{\"@type\":\"ListItem\",\"position\":3,\"name\":\"Healthcare Family Office (HFO)\"}]},{\"@type\":\"WebSite\",\"@id\":\"https:\\\/\\\/cad.healthcare\\\/de\\\/#website\",\"url\":\"https:\\\/\\\/cad.healthcare\\\/de\\\/\",\"name\":\"CAD\",\"description\":\"Innovazione e Cura, direttamente a Casa Tua\",\"potentialAction\":[{\"@type\":\"SearchAction\",\"target\":{\"@type\":\"EntryPoint\",\"urlTemplate\":\"https:\\\/\\\/cad.healthcare\\\/de\\\/?s={search_term_string}\"},\"query-input\":{\"@type\":\"PropertyValueSpecification\",\"valueRequired\":true,\"valueName\":\"search_term_string\"}}],\"inLanguage\":\"de\"}]}<\/script>\n<!-- \/ Yoast SEO plugin. -->","yoast_head_json":{"title":"Healthcare Family Office | Globale Gesundheitskoordinierung | CAD","description":"Healthcare Family Office: ein einziger Ansprechpartner f\u00fcr die Koordinierung der Gesundheitsversorgung von Familien mit komplexen medizinischen Bed\u00fcrfnissen.","robots":{"index":"index","follow":"follow","max-snippet":"max-snippet:-1","max-image-preview":"max-image-preview:large","max-video-preview":"max-video-preview:-1"},"canonical":"https:\/\/cad.healthcare\/de\/dienstleistungen\/healthcare-family-office-hfo\/","og_locale":"de_DE","og_type":"article","og_title":"Healthcare Family Office | Globale Gesundheitskoordinierung | CAD","og_description":"Healthcare Family Office: ein einziger Ansprechpartner f\u00fcr die Koordinierung der Gesundheitsversorgung von Familien mit komplexen medizinischen Bed\u00fcrfnissen.","og_url":"https:\/\/cad.healthcare\/de\/dienstleistungen\/healthcare-family-office-hfo\/","og_site_name":"CAD","article_modified_time":"2025-05-29T09:07:16+00:00","og_image":[{"width":890,"height":620,"url":"https:\/\/cad.healthcare\/wp-content\/uploads\/2025\/05\/service-hfo.png","type":"image\/png"}],"twitter_card":"summary_large_image","twitter_misc":{"Gesch\u00e4tzte Lesezeit":"4\u00a0Minuten"},"schema":{"@context":"https:\/\/schema.org","@graph":[{"@type":"WebPage","@id":"https:\/\/cad.healthcare\/de\/dienstleistungen\/healthcare-family-office-hfo\/","url":"https:\/\/cad.healthcare\/de\/dienstleistungen\/healthcare-family-office-hfo\/","name":"Healthcare Family Office | Globale Gesundheitskoordinierung | CAD","isPartOf":{"@id":"https:\/\/cad.healthcare\/de\/#website"},"primaryImageOfPage":{"@id":"https:\/\/cad.healthcare\/de\/dienstleistungen\/healthcare-family-office-hfo\/#primaryimage"},"image":{"@id":"https:\/\/cad.healthcare\/de\/dienstleistungen\/healthcare-family-office-hfo\/#primaryimage"},"thumbnailUrl":"https:\/\/cad.healthcare\/wp-content\/uploads\/2025\/05\/service-hfo.png","datePublished":"2025-05-20T09:07:48+00:00","dateModified":"2025-05-29T09:07:16+00:00","description":"Healthcare Family Office: ein einziger Ansprechpartner f\u00fcr die Koordinierung der Gesundheitsversorgung von Familien mit komplexen medizinischen Bed\u00fcrfnissen.","breadcrumb":{"@id":"https:\/\/cad.healthcare\/de\/dienstleistungen\/healthcare-family-office-hfo\/#breadcrumb"},"inLanguage":"de","potentialAction":[{"@type":"ReadAction","target":["https:\/\/cad.healthcare\/de\/dienstleistungen\/healthcare-family-office-hfo\/"]}]},{"@type":"ImageObject","inLanguage":"de","@id":"https:\/\/cad.healthcare\/de\/dienstleistungen\/healthcare-family-office-hfo\/#primaryimage","url":"https:\/\/cad.healthcare\/wp-content\/uploads\/2025\/05\/service-hfo.png","contentUrl":"https:\/\/cad.healthcare\/wp-content\/uploads\/2025\/05\/service-hfo.png","width":890,"height":620,"caption":"healthcare family office"},{"@type":"BreadcrumbList","@id":"https:\/\/cad.healthcare\/de\/dienstleistungen\/healthcare-family-office-hfo\/#breadcrumb","itemListElement":[{"@type":"ListItem","position":1,"name":"Home","item":"https:\/\/cad.healthcare\/de\/"},{"@type":"ListItem","position":2,"name":"Dienstleistungen","item":"https:\/\/cad.healthcare\/de\/servizi\/"},{"@type":"ListItem","position":3,"name":"Healthcare Family Office (HFO)"}]},{"@type":"WebSite","@id":"https:\/\/cad.healthcare\/de\/#website","url":"https:\/\/cad.healthcare\/de\/","name":"CAD","description":"Innovazione e Cura, direttamente a Casa Tua","potentialAction":[{"@type":"SearchAction","target":{"@type":"EntryPoint","urlTemplate":"https:\/\/cad.healthcare\/de\/?s={search_term_string}"},"query-input":{"@type":"PropertyValueSpecification","valueRequired":true,"valueName":"search_term_string"}}],"inLanguage":"de"}]}},"_links":{"self":[{"href":"https:\/\/cad.healthcare\/de\/wp-json\/wp\/v2\/pages\/2548","targetHints":{"allow":["GET"]}}],"collection":[{"href":"https:\/\/cad.healthcare\/de\/wp-json\/wp\/v2\/pages"}],"about":[{"href":"https:\/\/cad.healthcare\/de\/wp-json\/wp\/v2\/types\/page"}],"author":[{"embeddable":true,"href":"https:\/\/cad.healthcare\/de\/wp-json\/wp\/v2\/users\/6"}],"replies":[{"embeddable":true,"href":"https:\/\/cad.healthcare\/de\/wp-json\/wp\/v2\/comments?post=2548"}],"version-history":[{"count":0,"href":"https:\/\/cad.healthcare\/de\/wp-json\/wp\/v2\/pages\/2548\/revisions"}],"up":[{"embeddable":true,"href":"https:\/\/cad.healthcare\/de\/wp-json\/wp\/v2\/pages\/1899"}],"wp:featuredmedia":[{"embeddable":true,"href":"https:\/\/cad.healthcare\/de\/wp-json\/wp\/v2\/media\/2417"}],"wp:attachment":[{"href":"https:\/\/cad.healthcare\/de\/wp-json\/wp\/v2\/media?parent=2548"}],"curies":[{"name":"wp","href":"https:\/\/api.w.org\/{rel}","templated":true}]}}