{"id":2551,"date":"2025-05-20T09:05:02","date_gmt":"2025-05-20T09:05:02","guid":{"rendered":"https:\/\/cad.healthcare\/technologien\/cad-safe-bed-system\/"},"modified":"2025-05-30T12:50:37","modified_gmt":"2025-05-30T12:50:37","slug":"cad-safe-bed-system","status":"publish","type":"page","link":"https:\/\/cad.healthcare\/de\/technologien\/cad-safe-bed-system\/","title":{"rendered":"CAD Safe Bed System"},"content":{"rendered":"<h2 class=\"p3\"><b>Pr\u00e4vention, Erkennung und Intervention: alles vom Patientenbett aus<\/b><\/h2>\n<p>&nbsp;<\/p>\n<p class=\"p4\">Das <b>Safe Bed Monitoring von CAD<\/b> ist eine innovative technologische L\u00f6sung, die speziell entwickelt wurde, um die <b>Sicherheit, den Komfort und die Effizienz der Pflege \u00e4lterer und gebrechlicher Menschen<\/b> sowohl in Wohnheimen wie Pflegeheimen und Spezialkliniken als auch direkt zu Hause zu verbessern. Dieses System stellt einen bedeutenden Fortschritt in der Pflege dar und verfolgt das doppelte Ziel, die verf\u00fcgbaren Ressourcen zu optimieren und die Lebensqualit\u00e4t der Nutzer deutlich zu verbessern.<\/p>\n<p>&nbsp;<\/p>\n<h2 class=\"p5\"><b>Die Merkmale des Safe Bed Systems<\/b>, <b>dem System,<\/b> <b>das den Patienten auch im Schlaf \u00fcberwacht.<\/b><b><\/b><\/h2>\n<p>&nbsp;<\/p>\n<h3 class=\"p4\"><b>Eine fortschrittliche Technologie f\u00fcr die klinische \u00dcberwachung w\u00e4hrend der Ruhephase.<\/b><\/h3>\n<p>&nbsp;<\/p>\n<p class=\"p6\">Safe Bed Monitoring verwendet fortschrittliche Sensoren, um auf nicht-invasive Weise und in Echtzeit eine Vielzahl von grundlegenden<b> physiologischen Parametern<\/b> w\u00e4hrend des Liegens im Bett zu erfassen.<\/p>\n<p>&nbsp;<\/p>\n<ul class=\"ul1\">\n<li class=\"li4\"><b>Herzfrequenz<\/b>: Kontinuierliche \u00dcberwachung und Erkennung von potenziellen Arrhythmien durch pr\u00e4diktive Algorithmen.<\/li>\n<li class=\"li4\"><b>Atemfrequenz<\/b>: Kontinuierliche \u00dcberwachung und Erkennung von n\u00e4chtlicher Apnoen durch pr\u00e4diktive Algorithmen.<\/li>\n<li class=\"li4\"><b>Herzfrequenzvariabilit\u00e4t (HRV)<\/b>: Wichtiger Indikator zur Beurteilung des physiologischen Stresses und der allgemeinen Schlafqualit\u00e4t.<\/li>\n<li class=\"li4\"><b>K\u00f6rperaktivit\u00e4t und Bewegung<\/b>: Kontinuierliche \u00dcberwachung zur Vermeidung l\u00e4ngerer Immobilit\u00e4tsphasen.<\/li>\n<li class=\"li4\"><b>Anwesenheit und Abwesenheit im Bett<\/b>: Warnsystem zur Vermeidung von St\u00fcrzen oder anderen Unf\u00e4llen aufgrund l\u00e4ngerer Abwesenheit.<\/li>\n<li class=\"li4\"><b>Schlafqualit\u00e4t und Schlafphasen<\/b>: Detaillierte Analyse der Schlafphasen (REM, Halbschlaf, Wachzustand), unverzichtbar f\u00fcr die Optimierung der Erholung und der allgemeinen Gesundheit.<\/li>\n<\/ul>\n<p>&nbsp;<\/p>\n<h3 class=\"p4\"><b>Fortschrittliches Alarmsystem und sofortige Benachrichtigungen<\/b><\/h3>\n<p>&nbsp;<\/p>\n<p class=\"p4\">Eine der St\u00e4rken von Safe Bed Monitoring ist die F\u00e4higkeit, <b>automatische Warnmeldungen<\/b> in Echtzeit zu generieren und <b>so sofort mit der CAD-Einsatzzentrale zu kommunizieren<\/b>. Dies erm\u00f6glicht <b>rechtzeitige Eingriffe<\/b> in potenziell kritischen Situationen wie:<\/p>\n<p>&nbsp;<\/p>\n<ul class=\"ul1\">\n<li class=\"li4\">Anomalien der Herz- und Atemfrequenz.<\/li>\n<li class=\"li4\">L\u00e4ngere Abwesenheiten vom Bett, m\u00f6gliche Anzeichen f\u00fcr St\u00fcrze oder pl\u00f6tzliches Unwohlsein.<\/li>\n<li class=\"li4\">L\u00e4ngere Immobilit\u00e4t, entscheidend f\u00fcr die Vorbeugung von Dekubitusgeschw\u00fcren.<\/li>\n<\/ul>\n<p>&nbsp;<\/p>\n<h3 class=\"p4\"><b>Telemonitoring und effiziente Zentralisierung der Daten<\/b><\/h3>\n<p>&nbsp;<\/p>\n<p class=\"p4\">Das <b>Safe Bed Monitoring<\/b> nutzt eine Plattform, \u00fcber die der Gesundheitszustand aller CAD-Nutzer in Echtzeit \u00fcberwacht werden kann, was gezielte und rechtzeitige Ma\u00dfnahmen erleichtert. Das System erm\u00f6glicht die <b>Fernanzeige des Zustands des Benutzers<\/b> und erstellt detaillierte Berichte \u00fcber die Schlafqualit\u00e4t f\u00fcr \u00c4rzte und Pflegepersonal sowie \u00fcber den allgemeinen Gesundheitszustand, was zu mehr Sicherheit und Vertrauen beitr\u00e4gt. Es handelt sich um ein sehr wirksames Kontrollinstrument zur Gew\u00e4hrleistung der <b>n\u00e4chtlichen Sicherheit<\/b>. <b><\/b><\/p>\n<p>&nbsp;<\/p>\n<h3 class=\"p4\"><b>Einfache Installation und maximale Kompatibilit\u00e4t<\/b><\/h3>\n<p>&nbsp;<\/p>\n<p class=\"p4\">Die Installation des Safe Bed Monitoring ist einfach, intuitiv und nicht invasiv.<b> Der Sensor wird unter der Matratze<\/b> des Benutzers platziert und passt sich an Matratzen aus Materialien wie Latex, Schaumstoff oder Federn mit einer Dicke zwischen 6 und 30 cm an, sodass er f\u00fcr Lattenroste mit einer Mindestbreite von 7 cm geeignet ist. Die Installation wird von CAD-Technikern durchgef\u00fchrt und l\u00e4sst sich leicht in bestehende Strukturen integrieren.<\/p>\n<p>&nbsp;<\/p>\n<h2 class=\"p5\"><b>Greifbare Vorteile der intelligenten \u00dcberwachung f\u00fcr Benutzer, Pflegekr\u00e4fte und Einrichtungen<\/b><\/h2>\n<p>&nbsp;<\/p>\n<p class=\"p4\">Die Implementierung des Safe Bed Monitoring von CAD bietet zahlreiche Vorteile:<\/p>\n<p>&nbsp;<\/p>\n<ul class=\"ul1\">\n<li class=\"li4\"><b>Mehr Sicherheit<\/b>: Durch die st\u00e4ndige \u00dcberwachung, insbesondere w\u00e4hrend der Nachtstunden, werden potenziell gef\u00e4hrliche Unf\u00e4lle verhindert.<\/li>\n<li class=\"li4\"><b>Deutliche Senkung der Betriebskosten<\/b>: Der Bedarf an Pflegepersonal f\u00fcr die kontinuierliche \u00dcberwachung wird reduziert, wodurch die verf\u00fcgbaren Ressourcen optimiert werden.<\/li>\n<li class=\"li4\"><b>Steigerung der betrieblichen Effizienz<\/b>: Die digitale Verwaltung erm\u00f6glicht eine pr\u00e4zise Kontrolle und reduziert Fehler und Reaktionszeiten.<\/li>\n<li class=\"li4\"><b>Fortschrittliche Pr\u00e4vention<\/b>: Die Vorhersagef\u00e4higkeit des Systems erm\u00f6glicht es, problematische Situationen wie St\u00fcrze und medizinische Komplikationen fr\u00fchzeitig zu erkennen und zu verhindern.<\/li>\n<li class=\"li4\"><b>Verbesserung der Lebensqualit\u00e4t<\/b>: Durch einen sichereren und \u00fcberwachten Schlaf wird ein verbessertes allgemeines Wohlbefinden und eine genauere Gesundheitsversorgung gew\u00e4hrleistet.<\/li>\n<\/ul>\n<p>&nbsp;<\/p>\n<p class=\"p4\">Kontaktieren Sie uns, um zu erfahren, wie Sie das Safe Bed System in Ihre Einrichtung oder Ihr Zuhause integrieren k\u00f6nnen, um die Altenpflege in einen fortschrittlichen, sicheren und effizienten Service zu verwandeln.<\/p>\n<p class=\"p10\"><a class=\"et_pb_button\" href=\"https:\/\/cad.healthcare\/de\/kontakt\/\">Kontaktieren Sie uns<\/a><\/p>\n","protected":false},"excerpt":{"rendered":"<p>Innovatives Fern\u00fcberwachungsger\u00e4t f\u00fcr die fortgeschrittene Schlaf\u00fcberwachung<\/p>\n","protected":false},"author":6,"featured_media":2141,"parent":1912,"menu_order":20,"comment_status":"closed","ping_status":"closed","template":"","meta":{"_et_pb_use_builder":"","_et_pb_old_content":"","_et_gb_content_width":"","inline_featured_image":false,"footnotes":""},"class_list":["post-2551","page","type-page","status-publish","has-post-thumbnail","hentry"],"yoast_head":"<!-- This site is optimized with the Yoast SEO plugin v27.5 - https:\/\/yoast.com\/product\/yoast-seo-wordpress\/ -->\n<title>Safe Bed System | Fortgeschrittene Schlaf\u00fcberwachung | CAD<\/title>\n<meta name=\"description\" content=\"Safe Bed System: ein innovatives Fernbetreuungsger\u00e4t mit klinischer Schlaf\u00fcberwachung und integriertem Alarmsystem.\" \/>\n<meta name=\"robots\" content=\"index, follow, max-snippet:-1, max-image-preview:large, max-video-preview:-1\" \/>\n<link rel=\"canonical\" href=\"https:\/\/cad.healthcare\/de\/technologien\/cad-safe-bed-system\/\" \/>\n<meta property=\"og:locale\" content=\"de_DE\" \/>\n<meta property=\"og:type\" content=\"article\" \/>\n<meta property=\"og:title\" content=\"Safe Bed System | Fortgeschrittene Schlaf\u00fcberwachung | CAD\" \/>\n<meta property=\"og:description\" content=\"Safe Bed System: ein innovatives Fernbetreuungsger\u00e4t mit klinischer Schlaf\u00fcberwachung und integriertem Alarmsystem.\" \/>\n<meta property=\"og:url\" content=\"https:\/\/cad.healthcare\/de\/technologien\/cad-safe-bed-system\/\" \/>\n<meta property=\"og:site_name\" content=\"CAD\" \/>\n<meta property=\"article:modified_time\" content=\"2025-05-30T12:50:37+00:00\" \/>\n<meta property=\"og:image\" content=\"https:\/\/cad.healthcare\/wp-content\/uploads\/2025\/05\/CAD-safe-bed-monitoring-sensore-presenza-a-letto.jpg\" \/>\n\t<meta property=\"og:image:width\" content=\"890\" \/>\n\t<meta property=\"og:image:height\" content=\"620\" \/>\n\t<meta property=\"og:image:type\" content=\"image\/jpeg\" \/>\n<meta name=\"twitter:card\" content=\"summary_large_image\" \/>\n<meta name=\"twitter:label1\" content=\"Gesch\u00e4tzte Lesezeit\" \/>\n\t<meta name=\"twitter:data1\" content=\"4\u00a0Minuten\" \/>\n<script type=\"application\/ld+json\" class=\"yoast-schema-graph\">{\"@context\":\"https:\\\/\\\/schema.org\",\"@graph\":[{\"@type\":\"WebPage\",\"@id\":\"https:\\\/\\\/cad.healthcare\\\/de\\\/technologien\\\/cad-safe-bed-system\\\/\",\"url\":\"https:\\\/\\\/cad.healthcare\\\/de\\\/technologien\\\/cad-safe-bed-system\\\/\",\"name\":\"Safe Bed System | Fortgeschrittene Schlaf\u00fcberwachung | CAD\",\"isPartOf\":{\"@id\":\"https:\\\/\\\/cad.healthcare\\\/de\\\/#website\"},\"primaryImageOfPage\":{\"@id\":\"https:\\\/\\\/cad.healthcare\\\/de\\\/technologien\\\/cad-safe-bed-system\\\/#primaryimage\"},\"image\":{\"@id\":\"https:\\\/\\\/cad.healthcare\\\/de\\\/technologien\\\/cad-safe-bed-system\\\/#primaryimage\"},\"thumbnailUrl\":\"https:\\\/\\\/cad.healthcare\\\/wp-content\\\/uploads\\\/2025\\\/05\\\/CAD-safe-bed-monitoring-sensore-presenza-a-letto.jpg\",\"datePublished\":\"2025-05-20T09:05:02+00:00\",\"dateModified\":\"2025-05-30T12:50:37+00:00\",\"description\":\"Safe Bed System: ein innovatives Fernbetreuungsger\u00e4t mit klinischer Schlaf\u00fcberwachung und integriertem Alarmsystem.\",\"breadcrumb\":{\"@id\":\"https:\\\/\\\/cad.healthcare\\\/de\\\/technologien\\\/cad-safe-bed-system\\\/#breadcrumb\"},\"inLanguage\":\"de\",\"potentialAction\":[{\"@type\":\"ReadAction\",\"target\":[\"https:\\\/\\\/cad.healthcare\\\/de\\\/technologien\\\/cad-safe-bed-system\\\/\"]}]},{\"@type\":\"ImageObject\",\"inLanguage\":\"de\",\"@id\":\"https:\\\/\\\/cad.healthcare\\\/de\\\/technologien\\\/cad-safe-bed-system\\\/#primaryimage\",\"url\":\"https:\\\/\\\/cad.healthcare\\\/wp-content\\\/uploads\\\/2025\\\/05\\\/CAD-safe-bed-monitoring-sensore-presenza-a-letto.jpg\",\"contentUrl\":\"https:\\\/\\\/cad.healthcare\\\/wp-content\\\/uploads\\\/2025\\\/05\\\/CAD-safe-bed-monitoring-sensore-presenza-a-letto.jpg\",\"width\":890,\"height\":620,\"caption\":\"safe bed monitoring sensore presenza a letto\"},{\"@type\":\"BreadcrumbList\",\"@id\":\"https:\\\/\\\/cad.healthcare\\\/de\\\/technologien\\\/cad-safe-bed-system\\\/#breadcrumb\",\"itemListElement\":[{\"@type\":\"ListItem\",\"position\":1,\"name\":\"Home\",\"item\":\"https:\\\/\\\/cad.healthcare\\\/de\\\/\"},{\"@type\":\"ListItem\",\"position\":2,\"name\":\"Technologien\",\"item\":\"https:\\\/\\\/cad.healthcare\\\/de\\\/technologien\\\/\"},{\"@type\":\"ListItem\",\"position\":3,\"name\":\"CAD Safe Bed System\"}]},{\"@type\":\"WebSite\",\"@id\":\"https:\\\/\\\/cad.healthcare\\\/de\\\/#website\",\"url\":\"https:\\\/\\\/cad.healthcare\\\/de\\\/\",\"name\":\"CAD\",\"description\":\"Innovazione e Cura, direttamente a Casa Tua\",\"potentialAction\":[{\"@type\":\"SearchAction\",\"target\":{\"@type\":\"EntryPoint\",\"urlTemplate\":\"https:\\\/\\\/cad.healthcare\\\/de\\\/?s={search_term_string}\"},\"query-input\":{\"@type\":\"PropertyValueSpecification\",\"valueRequired\":true,\"valueName\":\"search_term_string\"}}],\"inLanguage\":\"de\"}]}<\/script>\n<!-- \/ Yoast SEO plugin. -->","yoast_head_json":{"title":"Safe Bed System | Fortgeschrittene Schlaf\u00fcberwachung | CAD","description":"Safe Bed System: ein innovatives Fernbetreuungsger\u00e4t mit klinischer Schlaf\u00fcberwachung und integriertem Alarmsystem.","robots":{"index":"index","follow":"follow","max-snippet":"max-snippet:-1","max-image-preview":"max-image-preview:large","max-video-preview":"max-video-preview:-1"},"canonical":"https:\/\/cad.healthcare\/de\/technologien\/cad-safe-bed-system\/","og_locale":"de_DE","og_type":"article","og_title":"Safe Bed System | Fortgeschrittene Schlaf\u00fcberwachung | CAD","og_description":"Safe Bed System: ein innovatives Fernbetreuungsger\u00e4t mit klinischer Schlaf\u00fcberwachung und integriertem Alarmsystem.","og_url":"https:\/\/cad.healthcare\/de\/technologien\/cad-safe-bed-system\/","og_site_name":"CAD","article_modified_time":"2025-05-30T12:50:37+00:00","og_image":[{"width":890,"height":620,"url":"https:\/\/cad.healthcare\/wp-content\/uploads\/2025\/05\/CAD-safe-bed-monitoring-sensore-presenza-a-letto.jpg","type":"image\/jpeg"}],"twitter_card":"summary_large_image","twitter_misc":{"Gesch\u00e4tzte Lesezeit":"4\u00a0Minuten"},"schema":{"@context":"https:\/\/schema.org","@graph":[{"@type":"WebPage","@id":"https:\/\/cad.healthcare\/de\/technologien\/cad-safe-bed-system\/","url":"https:\/\/cad.healthcare\/de\/technologien\/cad-safe-bed-system\/","name":"Safe Bed System | Fortgeschrittene Schlaf\u00fcberwachung | CAD","isPartOf":{"@id":"https:\/\/cad.healthcare\/de\/#website"},"primaryImageOfPage":{"@id":"https:\/\/cad.healthcare\/de\/technologien\/cad-safe-bed-system\/#primaryimage"},"image":{"@id":"https:\/\/cad.healthcare\/de\/technologien\/cad-safe-bed-system\/#primaryimage"},"thumbnailUrl":"https:\/\/cad.healthcare\/wp-content\/uploads\/2025\/05\/CAD-safe-bed-monitoring-sensore-presenza-a-letto.jpg","datePublished":"2025-05-20T09:05:02+00:00","dateModified":"2025-05-30T12:50:37+00:00","description":"Safe Bed System: ein innovatives Fernbetreuungsger\u00e4t mit klinischer Schlaf\u00fcberwachung und integriertem Alarmsystem.","breadcrumb":{"@id":"https:\/\/cad.healthcare\/de\/technologien\/cad-safe-bed-system\/#breadcrumb"},"inLanguage":"de","potentialAction":[{"@type":"ReadAction","target":["https:\/\/cad.healthcare\/de\/technologien\/cad-safe-bed-system\/"]}]},{"@type":"ImageObject","inLanguage":"de","@id":"https:\/\/cad.healthcare\/de\/technologien\/cad-safe-bed-system\/#primaryimage","url":"https:\/\/cad.healthcare\/wp-content\/uploads\/2025\/05\/CAD-safe-bed-monitoring-sensore-presenza-a-letto.jpg","contentUrl":"https:\/\/cad.healthcare\/wp-content\/uploads\/2025\/05\/CAD-safe-bed-monitoring-sensore-presenza-a-letto.jpg","width":890,"height":620,"caption":"safe bed monitoring sensore presenza a letto"},{"@type":"BreadcrumbList","@id":"https:\/\/cad.healthcare\/de\/technologien\/cad-safe-bed-system\/#breadcrumb","itemListElement":[{"@type":"ListItem","position":1,"name":"Home","item":"https:\/\/cad.healthcare\/de\/"},{"@type":"ListItem","position":2,"name":"Technologien","item":"https:\/\/cad.healthcare\/de\/technologien\/"},{"@type":"ListItem","position":3,"name":"CAD Safe Bed System"}]},{"@type":"WebSite","@id":"https:\/\/cad.healthcare\/de\/#website","url":"https:\/\/cad.healthcare\/de\/","name":"CAD","description":"Innovazione e Cura, direttamente a Casa Tua","potentialAction":[{"@type":"SearchAction","target":{"@type":"EntryPoint","urlTemplate":"https:\/\/cad.healthcare\/de\/?s={search_term_string}"},"query-input":{"@type":"PropertyValueSpecification","valueRequired":true,"valueName":"search_term_string"}}],"inLanguage":"de"}]}},"_links":{"self":[{"href":"https:\/\/cad.healthcare\/de\/wp-json\/wp\/v2\/pages\/2551","targetHints":{"allow":["GET"]}}],"collection":[{"href":"https:\/\/cad.healthcare\/de\/wp-json\/wp\/v2\/pages"}],"about":[{"href":"https:\/\/cad.healthcare\/de\/wp-json\/wp\/v2\/types\/page"}],"author":[{"embeddable":true,"href":"https:\/\/cad.healthcare\/de\/wp-json\/wp\/v2\/users\/6"}],"replies":[{"embeddable":true,"href":"https:\/\/cad.healthcare\/de\/wp-json\/wp\/v2\/comments?post=2551"}],"version-history":[{"count":0,"href":"https:\/\/cad.healthcare\/de\/wp-json\/wp\/v2\/pages\/2551\/revisions"}],"up":[{"embeddable":true,"href":"https:\/\/cad.healthcare\/de\/wp-json\/wp\/v2\/pages\/1912"}],"wp:featuredmedia":[{"embeddable":true,"href":"https:\/\/cad.healthcare\/de\/wp-json\/wp\/v2\/media\/2141"}],"wp:attachment":[{"href":"https:\/\/cad.healthcare\/de\/wp-json\/wp\/v2\/media?parent=2551"}],"curies":[{"name":"wp","href":"https:\/\/api.w.org\/{rel}","templated":true}]}}