{"id":2524,"date":"2025-05-20T08:44:29","date_gmt":"2025-05-20T08:44:29","guid":{"rendered":"https:\/\/cad.healthcare\/technologies\/cad-healthcare-watch\/"},"modified":"2025-05-30T12:47:46","modified_gmt":"2025-05-30T12:47:46","slug":"cad-healthcare-watch","status":"publish","type":"page","link":"https:\/\/cad.healthcare\/fr\/technologies\/cad-healthcare-watch\/","title":{"rendered":"CAD Healthcare Watch"},"content":{"rendered":"<h2 class=\"p3\"><b>S\u00e9curit\u00e9, t\u00e9l\u00e9assistance et surveillance de la sant\u00e9<\/b><\/h2>\n<p class=\"p4\"><span class=\"s1\">La <b>CAD Healthcare Watch<\/b> repr\u00e9sente une innovation r\u00e9volutionnaire dans le domaine<\/span> de la t\u00e9l\u00e9assistance et de la t\u00e9l\u00e9m\u00e9decine. Con\u00e7u \u00e0 l&rsquo;aide de technologies de pointe, <span class=\"s1\"><b>ce dispositif m\u00e9dical certifi\u00e9 classe<\/b><\/span> IIa est destin\u00e9 en particulier aux personnes \u00e2g\u00e9es et \u00e0 mobilit\u00e9 r\u00e9duite, leur garantissant s\u00e9curit\u00e9, ind\u00e9pendance et <span class=\"s1\"><b>surveillance<\/b><\/span> continue de leur sant\u00e9.<\/p>\n<h2 class=\"p5\"><b>Ce n&rsquo;est pas une smartwatch, c&rsquo;est un dispositif m\u00e9dical d&rsquo;urgence qui sauve des vies<\/b><\/h2>\n<p class=\"p4\">Healthcare Watch n&rsquo;est pas une smartwatch ordinaire, mais un dispositif m\u00e9dical, <span class=\"s1\"><b>connect\u00e9 directement au centre op\u00e9rationnel de CAD,<\/b><\/span> o\u00f9 des op\u00e9rateurs sp\u00e9cialis\u00e9s sont pr\u00eats \u00e0 intervenir 24 heures sur 24. En cas d&rsquo;urgence, telle qu&rsquo;une chute, une perte de connaissance ou une crise cardiaque, le patient peut appuyer sur le <span class=\"s1\"><b>bouton SOS<\/b><\/span>. L&rsquo;op\u00e9rateur CAD re\u00e7oit automatiquement l&rsquo;alerte, \u00e9value imm\u00e9diatement la situation m\u00e9dicale gr\u00e2ce aux donn\u00e9es fournies en temps r\u00e9el par le dispositif et active rapidement les <span class=\"s1\"><b>services d&rsquo;urgence.<\/b><\/span> Cette intervention rapide et pr\u00e9cise peut pr\u00e9venir les complications graves et sauve des vies, am\u00e9liorant consid\u00e9rablement la qualit\u00e9<\/p>\n<h2 class=\"p5\"><b>Pourquoi CAD Healthcare Watch est-il unique?<\/b><\/h2>\n<p class=\"p4\"><span class=\"s1\"><b>SOS 24\/7 en un clic<\/b><\/span>: connect\u00e9 \u00e0 un centre op\u00e9rationnel actif 24 heures sur 24, il garantit une intervention imm\u00e9diate en cas d&rsquo;urgence dans les 20 minutes suivant l&rsquo;appel.<\/p>\n<p class=\"p4\"><span class=\"s1\"><b>G\u00e9olocalisation avanc\u00e9e et g\u00e9orep\u00e9rage<\/b><\/span>: surveille la position en temps r\u00e9el et permet de coordonner des interventions cibl\u00e9es sur le territoire. Il est \u00e9galement possible de d\u00e9finir des zones de s\u00e9curit\u00e9 et de g\u00e9n\u00e9rer une alerte si elles sont d\u00e9pass\u00e9es.<\/p>\n<p class=\"p4\"><span class=\"s1\"><b>D\u00e9tection automatique des chutes<\/b><\/span>: la fonction de d\u00e9tection automatique des chutes active des alarmes et une assistance m\u00eame si l&rsquo;utilisateur ne parvient pas \u00e0 appuyer sur le bouton.<\/p>\n<p class=\"p4\"><span class=\"s1\"><b>Surveillance vitale professionnelle<\/b><\/span>: mesure de la fr\u00e9quence cardiaque, de la saturation et de l&rsquo;activit\u00e9 physique. Les intervalles de d\u00e9tection peuvent \u00eatre personnalis\u00e9s en fonction de l&rsquo;\u00e9tat critique du patient.<\/p>\n<p class=\"p4\"><span class=\"s1\"><b>Conception intuitive et r\u00e9sistante<\/b><\/span>: esth\u00e9tique similaire \u00e0 celle d&rsquo;une smartwatch, r\u00e9sistante \u00e0 l&rsquo;eau et dot\u00e9e d&rsquo;une batterie d&rsquo;une autonomie de 3 jours. Le centre op\u00e9rationnel d\u00e9tecte m\u00eame l&rsquo;\u00e9tat de la batterie.<\/p>\n<p class=\"p4\"><span class=\"s1\"><b>Les valeurs sont partag\u00e9es <\/b><\/span>en temps r\u00e9el avec le centre op\u00e9rationnel.<\/p>\n<h2 class=\"p3\"><b>Les avantages de Healthcare Watch dans les soins \u00e0 domicile<\/b><\/h2>\n<h3 class=\"p7\"><b>Surveillance avanc\u00e9e de la sant\u00e9<\/b><\/h3>\n<p class=\"p4\">\u00c9quip\u00e9 de capteurs <span class=\"s1\"><b>m\u00e9dicaux avanc\u00e9s<\/b><\/span>, Healthcare Watch surveille en temps r\u00e9el les <span class=\"s1\"><b>param\u00e8tres vitaux<\/b><\/span> fondamentaux :<\/p>\n<ul class=\"ul1\">\n<li class=\"li4\">Fr\u00e9quence cardiaque (classe m\u00e9dicale)<\/li>\n<li class=\"li4\">Saturation en oxyg\u00e8ne dans le sang<\/li>\n<li class=\"li4\">D\u00e9tection automatique des chutes et de l&rsquo;immobilit\u00e9<\/li>\n<li class=\"li4\">Activit\u00e9 physique quotidienne (pas, IMC, BMR)<\/li>\n<\/ul>\n<p class=\"p4\">Ces donn\u00e9es sont mises \u00e0 disposition en temps r\u00e9el au centre op\u00e9rationnel CAD, o\u00f9 un infirmier qualifi\u00e9 peut <span class=\"s1\"><b>d\u00e9cider d&rsquo;intervenir rapidement en cas d&rsquo;anomalies<\/b><\/span>.<\/p>\n<h3 class=\"p7\"><b>S\u00e9curit\u00e9 quotidienne en un clic<\/b><\/h3>\n<p class=\"p4\">Gr\u00e2ce au <span class=\"s1\"><b>bouton SOS facilement<\/b><\/span> accessible, la montre Healthcare Watch de CAD permet \u00e0 l&rsquo;utilisateur de <span class=\"s1\"><b>demander imm\u00e9diatement de l&rsquo;aide en cas d&rsquo;urgence<\/b><\/span>, sans avoir \u00e0 utiliser de t\u00e9l\u00e9phone ou \u00e0 suivre des proc\u00e9dures complexes. En cas de chute, l&rsquo;appareil est \u00e9quip\u00e9 d&rsquo;un capteur capable de d\u00e9tecter l&rsquo;incident et d&rsquo;envoyer automatiquement une alerte au centre op\u00e9rationnel CAD, joignable 24 heures sur 24 et 7 jours sur 7.<\/p>\n<h3 class=\"p7\"><b>Communication avanc\u00e9e et localisation pr\u00e9cise<\/b><\/h3>\n<p class=\"p4\">La montre CAD Healthcare Watch prend en charge de <span class=\"s1\"><b>nombreuses technologies de communication<\/b><\/span> (4G, LTE, Wi-Fi, BLE 5.1), \u00e9liminant ainsi le besoin d&rsquo;un t\u00e9l\u00e9phone s\u00e9par\u00e9. La localisation avanc\u00e9e, via GPS, Wi-Fi et balises BLE, permet une localisation rapide aussi bien \u00e0 l&rsquo;int\u00e9rieur qu&rsquo;\u00e0 l&rsquo;ext\u00e9rieur. Des fonctions telles que la zone de s\u00e9curit\u00e9 permettent de d\u00e9finir des <span class=\"s1\"><b>zones prot\u00e9g\u00e9es <\/b><\/span>(fonction de g\u00e9orep\u00e9rage) et de recevoir des notifications imm\u00e9diates en cas de sortie de la zone d\u00e9sign\u00e9e. Le syst\u00e8me Healthcare Watch est op\u00e9rationnel sur tout le territoire suisse.<\/p>\n<h3 class=\"p7\"><b>Design \u00e9l\u00e9gant et fonctionnel<\/b><\/h3>\n<p class=\"p4\">Healthcare Watch est fabriqu\u00e9 \u00e0 partir de <span class=\"s1\"><b>mat\u00e9riaux hypoallerg\u00e9niques<\/b><\/span> et offre une <span class=\"s1\"><b>r\u00e9sistance \u00e0 l&rsquo;eau<\/b><\/span> certifi\u00e9e IP67. L&rsquo;\u00e9cran OLED \u00e0 contraste \u00e9lev\u00e9 garantit une <span class=\"s1\"><b>visibilit\u00e9 optimale<\/b><\/span> dans toutes les conditions d&rsquo;\u00e9clairage. Avec une autonomie de<span class=\"s1\"><b> batterie pouvant <\/b><\/span>atteindre trois jours avec une seule charge (compl\u00e8te en seulement 2 heures), cette montre intelligente allie praticit\u00e9 au quotidien et fiabilit\u00e9 m\u00e9dicale.<\/p>\n<h2 class=\"p5\"><b>Avantages du dispositif de t\u00e9l\u00e9assistance pour les utilisateurs, les familles et les institutions<\/b><\/h2>\n<p class=\"p4\">La mise en \u0153uvre de la Healthcare Watch garantit:<\/p>\n<ul class=\"ul1\">\n<li class=\"li4\">Une plus grande ind\u00e9pendance, une meilleure qualit\u00e9 de vie et une s\u00e9curit\u00e9 accrue pour les personnes \u00e2g\u00e9es<\/li>\n<li class=\"li4\">Une r\u00e9duction du stress et une meilleure gestion du temps pour les proches<\/li>\n<li class=\"li4\">Une optimisation des services de sant\u00e9<\/li>\n<li class=\"li4\">Une r\u00e9duction des co\u00fbts pour les institutions et les administrations locales<\/li>\n<\/ul>\n<p class=\"p4\">La Healthcare Watch de CAD est la solution id\u00e9ale pour <strong>f<\/strong><span class=\"s1\"><b>avoriser un environnement de vie autonome<\/b><\/span> et s\u00fbr, en am\u00e9liorant la qualit\u00e9 de vie des utilisateurs et en offrant une tranquillit\u00e9 d&rsquo;esprit au patient et \u00e0 ses proches.<\/p>\n<p class=\"p4\">Contactez-nous pour d\u00e9couvrir comment mettre en \u0153uvre Healthcare Watch pour vous, vos patients ou vos proches.<\/p>\n<p class=\"p12\"><a class=\"et_pb_button\" href=\"https:\/\/cad.healthcare\/fr\/contact\/\">Contactez-nous<\/a><\/p>\n","protected":false},"excerpt":{"rendered":"<p>Dispositif m\u00e9dical pour la surveillance continue des patientsMedical-grade device for continuous patient monitoring<\/p>\n","protected":false},"author":6,"featured_media":2132,"parent":1923,"menu_order":0,"comment_status":"closed","ping_status":"closed","template":"","meta":{"_et_pb_use_builder":"off","_et_pb_old_content":"","_et_gb_content_width":"","inline_featured_image":false,"footnotes":""},"class_list":["post-2524","page","type-page","status-publish","has-post-thumbnail","hentry"],"yoast_head":"<!-- This site is optimized with the Yoast SEO plugin v27.5 - https:\/\/yoast.com\/product\/yoast-seo-wordpress\/ -->\n<title>Healthcare Watch | Dispositif m\u00e9dical de t\u00e9l\u00e9surveillance | CAD<\/title>\n<meta name=\"description\" content=\"Healthcare Watch : un dispositif m\u00e9dical de t\u00e9l\u00e9surveillance et de t\u00e9l\u00e9assistance, avec bouton SOS, reli\u00e9 \u00e0 une centrale op\u00e9rationnelle 24h\/24.\" \/>\n<meta name=\"robots\" content=\"index, follow, max-snippet:-1, max-image-preview:large, max-video-preview:-1\" \/>\n<link rel=\"canonical\" href=\"https:\/\/cad.healthcare\/fr\/technologies\/cad-healthcare-watch\/\" \/>\n<meta property=\"og:locale\" content=\"fr_FR\" \/>\n<meta property=\"og:type\" content=\"article\" \/>\n<meta property=\"og:title\" content=\"Healthcare Watch | Dispositif m\u00e9dical de t\u00e9l\u00e9surveillance | CAD\" \/>\n<meta property=\"og:description\" content=\"Healthcare Watch : un dispositif m\u00e9dical de t\u00e9l\u00e9surveillance et de t\u00e9l\u00e9assistance, avec bouton SOS, reli\u00e9 \u00e0 une centrale op\u00e9rationnelle 24h\/24.\" \/>\n<meta property=\"og:url\" content=\"https:\/\/cad.healthcare\/fr\/technologies\/cad-healthcare-watch\/\" \/>\n<meta property=\"og:site_name\" content=\"CAD\" \/>\n<meta property=\"article:modified_time\" content=\"2025-05-30T12:47:46+00:00\" \/>\n<meta property=\"og:image\" content=\"https:\/\/cad.healthcare\/wp-content\/uploads\/2025\/05\/CAD-healthcare-watch-bracciale-telesoccorso.jpg\" \/>\n\t<meta property=\"og:image:width\" content=\"890\" \/>\n\t<meta property=\"og:image:height\" content=\"620\" \/>\n\t<meta property=\"og:image:type\" content=\"image\/jpeg\" \/>\n<meta name=\"twitter:card\" content=\"summary_large_image\" \/>\n<meta name=\"twitter:label1\" content=\"Dur\u00e9e de lecture estim\u00e9e\" \/>\n\t<meta name=\"twitter:data1\" content=\"5 minutes\" \/>\n<script type=\"application\/ld+json\" class=\"yoast-schema-graph\">{\"@context\":\"https:\\\/\\\/schema.org\",\"@graph\":[{\"@type\":\"WebPage\",\"@id\":\"https:\\\/\\\/cad.healthcare\\\/fr\\\/technologies\\\/cad-healthcare-watch\\\/\",\"url\":\"https:\\\/\\\/cad.healthcare\\\/fr\\\/technologies\\\/cad-healthcare-watch\\\/\",\"name\":\"Healthcare Watch | Dispositif m\u00e9dical de t\u00e9l\u00e9surveillance | CAD\",\"isPartOf\":{\"@id\":\"https:\\\/\\\/cad.healthcare\\\/fr\\\/#website\"},\"primaryImageOfPage\":{\"@id\":\"https:\\\/\\\/cad.healthcare\\\/fr\\\/technologies\\\/cad-healthcare-watch\\\/#primaryimage\"},\"image\":{\"@id\":\"https:\\\/\\\/cad.healthcare\\\/fr\\\/technologies\\\/cad-healthcare-watch\\\/#primaryimage\"},\"thumbnailUrl\":\"https:\\\/\\\/cad.healthcare\\\/wp-content\\\/uploads\\\/2025\\\/05\\\/CAD-healthcare-watch-bracciale-telesoccorso.jpg\",\"datePublished\":\"2025-05-20T08:44:29+00:00\",\"dateModified\":\"2025-05-30T12:47:46+00:00\",\"description\":\"Healthcare Watch : un dispositif m\u00e9dical de t\u00e9l\u00e9surveillance et de t\u00e9l\u00e9assistance, avec bouton SOS, reli\u00e9 \u00e0 une centrale op\u00e9rationnelle 24h\\\/24.\",\"breadcrumb\":{\"@id\":\"https:\\\/\\\/cad.healthcare\\\/fr\\\/technologies\\\/cad-healthcare-watch\\\/#breadcrumb\"},\"inLanguage\":\"fr-FR\",\"potentialAction\":[{\"@type\":\"ReadAction\",\"target\":[\"https:\\\/\\\/cad.healthcare\\\/fr\\\/technologies\\\/cad-healthcare-watch\\\/\"]}]},{\"@type\":\"ImageObject\",\"inLanguage\":\"fr-FR\",\"@id\":\"https:\\\/\\\/cad.healthcare\\\/fr\\\/technologies\\\/cad-healthcare-watch\\\/#primaryimage\",\"url\":\"https:\\\/\\\/cad.healthcare\\\/wp-content\\\/uploads\\\/2025\\\/05\\\/CAD-healthcare-watch-bracciale-telesoccorso.jpg\",\"contentUrl\":\"https:\\\/\\\/cad.healthcare\\\/wp-content\\\/uploads\\\/2025\\\/05\\\/CAD-healthcare-watch-bracciale-telesoccorso.jpg\",\"width\":890,\"height\":620,\"caption\":\"healthcare watch bracciale telesoccorso\"},{\"@type\":\"BreadcrumbList\",\"@id\":\"https:\\\/\\\/cad.healthcare\\\/fr\\\/technologies\\\/cad-healthcare-watch\\\/#breadcrumb\",\"itemListElement\":[{\"@type\":\"ListItem\",\"position\":1,\"name\":\"Home\",\"item\":\"https:\\\/\\\/cad.healthcare\\\/fr\\\/\"},{\"@type\":\"ListItem\",\"position\":2,\"name\":\"Technologies\",\"item\":\"https:\\\/\\\/cad.healthcare\\\/fr\\\/tecnologie\\\/\"},{\"@type\":\"ListItem\",\"position\":3,\"name\":\"CAD Healthcare Watch\"}]},{\"@type\":\"WebSite\",\"@id\":\"https:\\\/\\\/cad.healthcare\\\/fr\\\/#website\",\"url\":\"https:\\\/\\\/cad.healthcare\\\/fr\\\/\",\"name\":\"CAD\",\"description\":\"Innovazione e Cura, direttamente a Casa Tua\",\"potentialAction\":[{\"@type\":\"SearchAction\",\"target\":{\"@type\":\"EntryPoint\",\"urlTemplate\":\"https:\\\/\\\/cad.healthcare\\\/fr\\\/?s={search_term_string}\"},\"query-input\":{\"@type\":\"PropertyValueSpecification\",\"valueRequired\":true,\"valueName\":\"search_term_string\"}}],\"inLanguage\":\"fr-FR\"}]}<\/script>\n<!-- \/ Yoast SEO plugin. -->","yoast_head_json":{"title":"Healthcare Watch | Dispositif m\u00e9dical de t\u00e9l\u00e9surveillance | CAD","description":"Healthcare Watch : un dispositif m\u00e9dical de t\u00e9l\u00e9surveillance et de t\u00e9l\u00e9assistance, avec bouton SOS, reli\u00e9 \u00e0 une centrale op\u00e9rationnelle 24h\/24.","robots":{"index":"index","follow":"follow","max-snippet":"max-snippet:-1","max-image-preview":"max-image-preview:large","max-video-preview":"max-video-preview:-1"},"canonical":"https:\/\/cad.healthcare\/fr\/technologies\/cad-healthcare-watch\/","og_locale":"fr_FR","og_type":"article","og_title":"Healthcare Watch | Dispositif m\u00e9dical de t\u00e9l\u00e9surveillance | CAD","og_description":"Healthcare Watch : un dispositif m\u00e9dical de t\u00e9l\u00e9surveillance et de t\u00e9l\u00e9assistance, avec bouton SOS, reli\u00e9 \u00e0 une centrale op\u00e9rationnelle 24h\/24.","og_url":"https:\/\/cad.healthcare\/fr\/technologies\/cad-healthcare-watch\/","og_site_name":"CAD","article_modified_time":"2025-05-30T12:47:46+00:00","og_image":[{"width":890,"height":620,"url":"https:\/\/cad.healthcare\/wp-content\/uploads\/2025\/05\/CAD-healthcare-watch-bracciale-telesoccorso.jpg","type":"image\/jpeg"}],"twitter_card":"summary_large_image","twitter_misc":{"Dur\u00e9e de lecture estim\u00e9e":"5 minutes"},"schema":{"@context":"https:\/\/schema.org","@graph":[{"@type":"WebPage","@id":"https:\/\/cad.healthcare\/fr\/technologies\/cad-healthcare-watch\/","url":"https:\/\/cad.healthcare\/fr\/technologies\/cad-healthcare-watch\/","name":"Healthcare Watch | Dispositif m\u00e9dical de t\u00e9l\u00e9surveillance | CAD","isPartOf":{"@id":"https:\/\/cad.healthcare\/fr\/#website"},"primaryImageOfPage":{"@id":"https:\/\/cad.healthcare\/fr\/technologies\/cad-healthcare-watch\/#primaryimage"},"image":{"@id":"https:\/\/cad.healthcare\/fr\/technologies\/cad-healthcare-watch\/#primaryimage"},"thumbnailUrl":"https:\/\/cad.healthcare\/wp-content\/uploads\/2025\/05\/CAD-healthcare-watch-bracciale-telesoccorso.jpg","datePublished":"2025-05-20T08:44:29+00:00","dateModified":"2025-05-30T12:47:46+00:00","description":"Healthcare Watch : un dispositif m\u00e9dical de t\u00e9l\u00e9surveillance et de t\u00e9l\u00e9assistance, avec bouton SOS, reli\u00e9 \u00e0 une centrale op\u00e9rationnelle 24h\/24.","breadcrumb":{"@id":"https:\/\/cad.healthcare\/fr\/technologies\/cad-healthcare-watch\/#breadcrumb"},"inLanguage":"fr-FR","potentialAction":[{"@type":"ReadAction","target":["https:\/\/cad.healthcare\/fr\/technologies\/cad-healthcare-watch\/"]}]},{"@type":"ImageObject","inLanguage":"fr-FR","@id":"https:\/\/cad.healthcare\/fr\/technologies\/cad-healthcare-watch\/#primaryimage","url":"https:\/\/cad.healthcare\/wp-content\/uploads\/2025\/05\/CAD-healthcare-watch-bracciale-telesoccorso.jpg","contentUrl":"https:\/\/cad.healthcare\/wp-content\/uploads\/2025\/05\/CAD-healthcare-watch-bracciale-telesoccorso.jpg","width":890,"height":620,"caption":"healthcare watch bracciale telesoccorso"},{"@type":"BreadcrumbList","@id":"https:\/\/cad.healthcare\/fr\/technologies\/cad-healthcare-watch\/#breadcrumb","itemListElement":[{"@type":"ListItem","position":1,"name":"Home","item":"https:\/\/cad.healthcare\/fr\/"},{"@type":"ListItem","position":2,"name":"Technologies","item":"https:\/\/cad.healthcare\/fr\/tecnologie\/"},{"@type":"ListItem","position":3,"name":"CAD Healthcare Watch"}]},{"@type":"WebSite","@id":"https:\/\/cad.healthcare\/fr\/#website","url":"https:\/\/cad.healthcare\/fr\/","name":"CAD","description":"Innovazione e Cura, direttamente a Casa Tua","potentialAction":[{"@type":"SearchAction","target":{"@type":"EntryPoint","urlTemplate":"https:\/\/cad.healthcare\/fr\/?s={search_term_string}"},"query-input":{"@type":"PropertyValueSpecification","valueRequired":true,"valueName":"search_term_string"}}],"inLanguage":"fr-FR"}]}},"_links":{"self":[{"href":"https:\/\/cad.healthcare\/fr\/wp-json\/wp\/v2\/pages\/2524","targetHints":{"allow":["GET"]}}],"collection":[{"href":"https:\/\/cad.healthcare\/fr\/wp-json\/wp\/v2\/pages"}],"about":[{"href":"https:\/\/cad.healthcare\/fr\/wp-json\/wp\/v2\/types\/page"}],"author":[{"embeddable":true,"href":"https:\/\/cad.healthcare\/fr\/wp-json\/wp\/v2\/users\/6"}],"replies":[{"embeddable":true,"href":"https:\/\/cad.healthcare\/fr\/wp-json\/wp\/v2\/comments?post=2524"}],"version-history":[{"count":0,"href":"https:\/\/cad.healthcare\/fr\/wp-json\/wp\/v2\/pages\/2524\/revisions"}],"up":[{"embeddable":true,"href":"https:\/\/cad.healthcare\/fr\/wp-json\/wp\/v2\/pages\/1923"}],"wp:featuredmedia":[{"embeddable":true,"href":"https:\/\/cad.healthcare\/fr\/wp-json\/wp\/v2\/media\/2132"}],"wp:attachment":[{"href":"https:\/\/cad.healthcare\/fr\/wp-json\/wp\/v2\/media?parent=2524"}],"curies":[{"name":"wp","href":"https:\/\/api.w.org\/{rel}","templated":true}]}}