{"id":2547,"date":"2025-05-20T09:07:48","date_gmt":"2025-05-20T09:07:48","guid":{"rendered":"https:\/\/cad.healthcare\/services\/healthcare-family-office-hfo\/"},"modified":"2025-05-29T09:06:01","modified_gmt":"2025-05-29T09:06:01","slug":"healthcare-family-office-hfo","status":"publish","type":"page","link":"https:\/\/cad.healthcare\/fr\/services\/healthcare-family-office-hfo\/","title":{"rendered":"Healthcare Family Office (HFO)"},"content":{"rendered":"<p class=\"p3\">Le<b> Healthcare Family Office (HFO)<\/b> est n\u00e9 de l&rsquo;int\u00e9gration entre le mod\u00e8le de soins personnalis\u00e9s et compatissants de CAD et l&rsquo;approche organisationnelle typique d&rsquo;un Family Office. Un service con\u00e7u pour r\u00e9pondre aux besoins cliniques des familles qui ont besoin d&rsquo;une<b> coordination sanitaire compl\u00e8te, continue et hautement sp\u00e9cialis\u00e9e<\/b>. <\/p>\n<p>&nbsp;<\/p>\n<h2 class=\"p2\"><b>Une approche globale pour les familles ayant des besoins m\u00e9dicaux complexes<\/b><\/h2>\n<p>&nbsp;<\/p>\n<p class=\"p3\">Le HFO a \u00e9t\u00e9 con\u00e7u pour <b>accompagner les familles<\/b> confront\u00e9es \u00e0 des situations cliniques aigu\u00ebs, chroniques ou complexes, en leur offrant un soutien solide et structur\u00e9.<br \/>\nIl se propose comme <b>partenaire dans la gestion des soins de sant\u00e9<\/b>, en assurant la <b>coordination de chaque<\/b> <b>\u00e9tape du parcours de soins<\/b> gr\u00e2ce \u00e0 une <b>\u00e9quipe hautement qualifi\u00e9e et professionnelle<\/b>.<\/p>\n<p class=\"p3\">L&rsquo;objectif n&rsquo;est pas seulement de fournir une assistance, mais d&rsquo;<b>orchestrer de mani\u00e8re harmonieuse et proactive tous les aspects du parcours de soins<\/b>, en all\u00e9geant la charge administrative, en r\u00e9duisant le stress et en garantissant une s\u00e9curit\u00e9 et une confidentialit\u00e9 maximales. Un point de r\u00e9f\u00e9rence fiable et unique, en Suisse et pour les d\u00e9m\u00e9nagements \u00e0 l&rsquo;\u00e9tranger. <\/p>\n<p>&nbsp;<\/p>\n<h2 class=\"p2\"><b>Un \u00e9cosyst\u00e8me de soins, construit autour de la famille<\/b><\/h2>\n<p>&nbsp;<\/p>\n<p class=\"p3\">Le<b> Healthcare Family Office (HFO)<\/b> <b>allie l&rsquo;approche humaine et personnalis\u00e9e des soins \u00e0 domicile<\/b> \u00e0 une<b> vision strat\u00e9gique et int\u00e9gr\u00e9e<\/b> <b>de la sant\u00e9 familiale<\/b>. S\u2019inspirant du principe \u00ab <i>des soins comme en famill<\/i>e \u00bb, il offre des solutions m\u00e9dicales sur mesure et une multitude de services cliniques et organisationnels, notamment:<\/p>\n<p>&nbsp;<\/p>\n<ul class=\"ul1\">\n<li class=\"li3\">Coordination sanitaire personnalis\u00e9e<\/li>\n<li class=\"li3\">Acc\u00e8s \u00e0 des technologies m\u00e9dicales de pointe<\/li>\n<li class=\"li3\">Soins \u00e0 domicile continus<\/li>\n<li class=\"li3\">Gestion globale des soins de sant\u00e9<\/li>\n<li class=\"li3\">Assistance administrative<\/li>\n<li class=\"li3\">Gestion logistique des soins de sant\u00e9<\/li>\n<\/ul>\n<p>&nbsp;<\/p>\n<h2 class=\"p2\"><b>Les services du Healthcare Family Office<\/b><b> <\/b><\/h2>\n<p>&nbsp;<\/p>\n<p class=\"p3\"><b>1. Coordination personnalis\u00e9e des soins de sant\u00e9<\/b><\/p>\n<p class=\"p3\">Un <b>gestionnaire de cas d\u00e9di\u00e9 <\/b>supervise chaque \u00e9tape du parcours de soins, en coordonnant une \u00e9quipe multidisciplinaire qui \u00e9labore, surveille et met \u00e0 jour des <b>plans de traitement individualis\u00e9s<\/b> pour chaque membre de la famille. Nous collaborons avec les meilleurs sp\u00e9cialistes et \u00e9tablissements m\u00e9dicaux \u00e0 l\u2019\u00e9chelle nationale et internationale, garantissant ainsi une continuit\u00e9 et une assistance de haute qualit\u00e9. <\/p>\n<p class=\"p3\"><b>2. Int\u00e9gration de technologies de sant\u00e9 de pointe<\/b><\/p>\n<p class=\"p3\">Le HFO int\u00e8gre des outils et des services avanc\u00e9s:<b> t\u00e9l\u00e9m\u00e9decine personnalis\u00e9e, diagnostic assist\u00e9 par l&rsquo;intelligence artificielle<\/b>, m\u00e9decine de pr\u00e9cision et dispositifs certifi\u00e9s pour la <b>surveillance pr\u00e9dictive<\/b> <b>et proactive<\/b> de l&rsquo;\u00e9tat de sant\u00e9.<\/p>\n<p class=\"p3\"><b>3. Excellence dans les soins \u00e0 domicile<\/b><\/p>\n<p class=\"p3\">L&rsquo;engagement de CAD Healthcare vise \u00e0 permettre aux personnes de \u00ab<b>vivre dans la dignit\u00e9 et le confort<\/b>\u00bb \u00e0 domicile, avec la m\u00eame qualit\u00e9 de soins qu&rsquo;\u00e0 l&rsquo;h\u00f4pital. Le HFO fournit des soins \u00e0 domicile continus, assur\u00e9s par un personnel hautement qualifi\u00e9 et des<b> technologies intelligentes<\/b> qui permettent une gestion clinique compl\u00e8te et s\u00fbre, 24 heures sur 24. <\/p>\n<p class=\"p3\"><b>4. R\u00e9duction de la charge administrative<\/b><\/p>\n<p class=\"p3\">Le HFO <b>d\u00e9charge les familles de la gestion clinique, logistique et administrative<\/b>. Chaque aspect est coordonn\u00e9 de mani\u00e8re centralis\u00e9e : interventions, rendez-vous, visites m\u00e9dicales, formalit\u00e9s administratives. Un soutien complet et respectueux de la confidentialit\u00e9.  <\/p>\n<p class=\"p3\"><b>5. Proactivit\u00e9 et planification strat\u00e9gique<\/b><\/p>\n<p class=\"p4\">Au-del\u00e0 de la simple r\u00e9ponse aux besoins, nous anticipons : <b>le mod\u00e8le HFO fonctionne de mani\u00e8re pr\u00e9dictive<\/b>, en collaboration avec des experts en m\u00e9decine pr\u00e9ventive et en long\u00e9vit\u00e9 afin de planifier des strat\u00e9gies de sant\u00e9 sur mesure avec une gestion intelligente de tous les aspects cliniques.<\/p>\n<p class=\"p3\"><b>6. Gestion globale des soins de sant\u00e9<\/b><\/p>\n<p class=\"p4\">Ce mod\u00e8le soutient les familles ayant des liens internationaux. HFO g\u00e8re les soins de sant\u00e9 dans diff\u00e9rents pays, <b>organise et coordonne la prise en charge<\/b>, en assurant la coh\u00e9rence clinique, la sensibilit\u00e9 culturelle et la continuit\u00e9 th\u00e9rapeutique, en accord avec l&rsquo;approche r\u00e9seau de CAD Healthcare. <\/p>\n<p class=\"p3\"><b>7. Gestion des transferts<\/b><\/p>\n<p class=\"p4\">Gestion des d\u00e9placements en Suisse et \u00e0 l&rsquo;\u00e9tranger pour les personnes \u00e2g\u00e9es et fragiles n\u00e9cessitant des soins et l&rsquo;accompagnement d&rsquo;un personnel sp\u00e9cialis\u00e9. Coordination et gestion administrative et logistique des d\u00e9placements m\u00e9dicaux. <\/p>\n<p class=\"p3\"><b>8. Conseil \u00e9thique et juridique<\/b><\/p>\n<p class=\"p4\">Accompagnement dans la prise de d\u00e9cisions cliniques complexes, avec un soutien \u00e9thique et juridique, dans le respect total de la dignit\u00e9 de la personne et des valeurs de la famille.<\/p>\n<p class=\"p3\"><b>9. Confidentialit\u00e9, s\u00e9curit\u00e9 et discr\u00e9tioN<\/b><\/p>\n<p class=\"p5\">Toutes les donn\u00e9es de sant\u00e9 sont trait\u00e9es selon les normes de s\u00e9curit\u00e9 les plus strictes, garantissant une confidentialit\u00e9 absolue dans les communications, le partage d&rsquo;informations et la gestion des donn\u00e9es cliniques.<\/p>\n<p class=\"p5\">Les plateformes num\u00e9riques servent de centre op\u00e9rationnel, offrant un acc\u00e8s s\u00e9curis\u00e9 aux informations et au suivi.<\/p>\n<p>&nbsp;<\/p>\n<h2 class=\"p2\"><b>Healthcare Family Office de CAD : votre partenaire dans le parcours de soins<\/b><\/h2>\n<p class=\"p5\">Chaque famille b\u00e9n\u00e9ficie d&rsquo;un traitement unique, avec des plans de soins adapt\u00e9s \u00e0 ses besoins sp\u00e9cifiques et \u00e0 sa dynamique familiale. Le HFO agit comme un<b> partenaire de confiance<\/b> dans le parcours de sant\u00e9 de la famille, en proposant et en orientant la meilleure solution en fonction des besoins cliniques, garantissant continuit\u00e9, qualit\u00e9 et s\u00e9r\u00e9nit\u00e9 tout au long du parcours de soins. <\/p>\n<p>&nbsp;<\/p>\n<h2 class=\"p2\"><b>Pourquoi choisir le Healthcare Family Office ?<\/b><\/h2>\n<p>&nbsp;<\/p>\n<ul class=\"ul1\">\n<li class=\"li3\">Un interlocuteur unique pour tous les besoins cliniques<\/li>\n<li class=\"li3\">Interventions rapides, 24 heures sur 24, 7 jours sur 7<\/li>\n<li class=\"li3\">\u00c9quipe m\u00e9dicale, juridique et technologique int\u00e9gr\u00e9e<\/li>\n<li class=\"li3\">Technologies de sant\u00e9 certifi\u00e9es de derni\u00e8re g\u00e9n\u00e9ration<\/li>\n<li class=\"li3\">Services sur mesure pour les familles ayant des besoins m\u00e9dicaux complexes<\/li>\n<li class=\"li3\">Confidentialit\u00e9, empathie et soins personnalis\u00e9s<\/li>\n<\/ul>\n<p>&nbsp;<\/p>\n<h2 class=\"p2\"><b>La gestion de la sant\u00e9 comme le ferait une famille. Avec des normes d&rsquo;excellence. <\/b><\/h2>\n<p>&nbsp;<\/p>\n<p class=\"p5\">Le Healthcare Family Office n&rsquo;est pas seulement un service :<b> c&rsquo;est une nouvelle fa\u00e7on de concevoir le bien-\u00eatre familial<\/b>, fond\u00e9e sur la confiance, la comp\u00e9tence et la clairvoyance. C&rsquo;est le point de r\u00e9f\u00e9rence pour les familles qui souhaitent le meilleur en mati\u00e8re de soins. <\/p>\n<p class=\"p5\">Contactez-nous pour demander l&rsquo;activation du service et obtenir plus de d\u00e9tails.<\/p>\n<p><a class=\"et_pb_button\" href=\"https:\/\/cad.healthcare\/fr\/technologies\/cad-safe-bed-system\/\">Contactez nous<\/a><\/p>\n","protected":false},"excerpt":{"rendered":"<p>Coordination dans la gestion de la sant\u00e9 familiale<\/p>\n","protected":false},"author":6,"featured_media":2416,"parent":1904,"menu_order":10,"comment_status":"closed","ping_status":"closed","template":"","meta":{"_et_pb_use_builder":"","_et_pb_old_content":"","_et_gb_content_width":"","inline_featured_image":false,"footnotes":""},"class_list":["post-2547","page","type-page","status-publish","has-post-thumbnail","hentry"],"yoast_head":"<!-- This site is optimized with the Yoast SEO plugin v27.5 - https:\/\/yoast.com\/product\/yoast-seo-wordpress\/ -->\n<title>Healthcare Family Office | Coordination sanitaire globale | CAD<\/title>\n<meta name=\"description\" content=\"Healthcare Family Office : un interlocuteur unique pour la coordination des soins des familles ayant des besoins m\u00e9dicaux complexes.\" \/>\n<meta name=\"robots\" content=\"index, follow, max-snippet:-1, max-image-preview:large, max-video-preview:-1\" \/>\n<link rel=\"canonical\" href=\"https:\/\/cad.healthcare\/fr\/services\/healthcare-family-office-hfo\/\" \/>\n<meta property=\"og:locale\" content=\"fr_FR\" \/>\n<meta property=\"og:type\" content=\"article\" \/>\n<meta property=\"og:title\" content=\"Healthcare Family Office | Coordination sanitaire globale | CAD\" \/>\n<meta property=\"og:description\" content=\"Healthcare Family Office : un interlocuteur unique pour la coordination des soins des familles ayant des besoins m\u00e9dicaux complexes.\" \/>\n<meta property=\"og:url\" content=\"https:\/\/cad.healthcare\/fr\/services\/healthcare-family-office-hfo\/\" \/>\n<meta property=\"og:site_name\" content=\"CAD\" \/>\n<meta property=\"article:modified_time\" content=\"2025-05-29T09:06:01+00:00\" \/>\n<meta property=\"og:image\" content=\"https:\/\/cad.healthcare\/wp-content\/uploads\/2025\/05\/service-hfo.png\" \/>\n\t<meta property=\"og:image:width\" content=\"890\" \/>\n\t<meta property=\"og:image:height\" content=\"620\" \/>\n\t<meta property=\"og:image:type\" content=\"image\/png\" \/>\n<meta name=\"twitter:card\" content=\"summary_large_image\" \/>\n<meta name=\"twitter:label1\" content=\"Dur\u00e9e de lecture estim\u00e9e\" \/>\n\t<meta name=\"twitter:data1\" content=\"5 minutes\" \/>\n<script type=\"application\/ld+json\" class=\"yoast-schema-graph\">{\"@context\":\"https:\\\/\\\/schema.org\",\"@graph\":[{\"@type\":\"WebPage\",\"@id\":\"https:\\\/\\\/cad.healthcare\\\/fr\\\/services\\\/healthcare-family-office-hfo\\\/\",\"url\":\"https:\\\/\\\/cad.healthcare\\\/fr\\\/services\\\/healthcare-family-office-hfo\\\/\",\"name\":\"Healthcare Family Office | Coordination sanitaire globale | CAD\",\"isPartOf\":{\"@id\":\"https:\\\/\\\/cad.healthcare\\\/fr\\\/#website\"},\"primaryImageOfPage\":{\"@id\":\"https:\\\/\\\/cad.healthcare\\\/fr\\\/services\\\/healthcare-family-office-hfo\\\/#primaryimage\"},\"image\":{\"@id\":\"https:\\\/\\\/cad.healthcare\\\/fr\\\/services\\\/healthcare-family-office-hfo\\\/#primaryimage\"},\"thumbnailUrl\":\"https:\\\/\\\/cad.healthcare\\\/wp-content\\\/uploads\\\/2025\\\/05\\\/service-hfo.png\",\"datePublished\":\"2025-05-20T09:07:48+00:00\",\"dateModified\":\"2025-05-29T09:06:01+00:00\",\"description\":\"Healthcare Family Office : un interlocuteur unique pour la coordination des soins des familles ayant des besoins m\u00e9dicaux complexes.\",\"breadcrumb\":{\"@id\":\"https:\\\/\\\/cad.healthcare\\\/fr\\\/services\\\/healthcare-family-office-hfo\\\/#breadcrumb\"},\"inLanguage\":\"fr-FR\",\"potentialAction\":[{\"@type\":\"ReadAction\",\"target\":[\"https:\\\/\\\/cad.healthcare\\\/fr\\\/services\\\/healthcare-family-office-hfo\\\/\"]}]},{\"@type\":\"ImageObject\",\"inLanguage\":\"fr-FR\",\"@id\":\"https:\\\/\\\/cad.healthcare\\\/fr\\\/services\\\/healthcare-family-office-hfo\\\/#primaryimage\",\"url\":\"https:\\\/\\\/cad.healthcare\\\/wp-content\\\/uploads\\\/2025\\\/05\\\/service-hfo.png\",\"contentUrl\":\"https:\\\/\\\/cad.healthcare\\\/wp-content\\\/uploads\\\/2025\\\/05\\\/service-hfo.png\",\"width\":890,\"height\":620,\"caption\":\"healthcare family office\"},{\"@type\":\"BreadcrumbList\",\"@id\":\"https:\\\/\\\/cad.healthcare\\\/fr\\\/services\\\/healthcare-family-office-hfo\\\/#breadcrumb\",\"itemListElement\":[{\"@type\":\"ListItem\",\"position\":1,\"name\":\"Home\",\"item\":\"https:\\\/\\\/cad.healthcare\\\/fr\\\/\"},{\"@type\":\"ListItem\",\"position\":2,\"name\":\"Services\",\"item\":\"https:\\\/\\\/cad.healthcare\\\/fr\\\/servizi\\\/\"},{\"@type\":\"ListItem\",\"position\":3,\"name\":\"Healthcare Family Office (HFO)\"}]},{\"@type\":\"WebSite\",\"@id\":\"https:\\\/\\\/cad.healthcare\\\/fr\\\/#website\",\"url\":\"https:\\\/\\\/cad.healthcare\\\/fr\\\/\",\"name\":\"CAD\",\"description\":\"Innovazione e Cura, direttamente a Casa Tua\",\"potentialAction\":[{\"@type\":\"SearchAction\",\"target\":{\"@type\":\"EntryPoint\",\"urlTemplate\":\"https:\\\/\\\/cad.healthcare\\\/fr\\\/?s={search_term_string}\"},\"query-input\":{\"@type\":\"PropertyValueSpecification\",\"valueRequired\":true,\"valueName\":\"search_term_string\"}}],\"inLanguage\":\"fr-FR\"}]}<\/script>\n<!-- \/ Yoast SEO plugin. -->","yoast_head_json":{"title":"Healthcare Family Office | Coordination sanitaire globale | CAD","description":"Healthcare Family Office : un interlocuteur unique pour la coordination des soins des familles ayant des besoins m\u00e9dicaux complexes.","robots":{"index":"index","follow":"follow","max-snippet":"max-snippet:-1","max-image-preview":"max-image-preview:large","max-video-preview":"max-video-preview:-1"},"canonical":"https:\/\/cad.healthcare\/fr\/services\/healthcare-family-office-hfo\/","og_locale":"fr_FR","og_type":"article","og_title":"Healthcare Family Office | Coordination sanitaire globale | CAD","og_description":"Healthcare Family Office : un interlocuteur unique pour la coordination des soins des familles ayant des besoins m\u00e9dicaux complexes.","og_url":"https:\/\/cad.healthcare\/fr\/services\/healthcare-family-office-hfo\/","og_site_name":"CAD","article_modified_time":"2025-05-29T09:06:01+00:00","og_image":[{"width":890,"height":620,"url":"https:\/\/cad.healthcare\/wp-content\/uploads\/2025\/05\/service-hfo.png","type":"image\/png"}],"twitter_card":"summary_large_image","twitter_misc":{"Dur\u00e9e de lecture estim\u00e9e":"5 minutes"},"schema":{"@context":"https:\/\/schema.org","@graph":[{"@type":"WebPage","@id":"https:\/\/cad.healthcare\/fr\/services\/healthcare-family-office-hfo\/","url":"https:\/\/cad.healthcare\/fr\/services\/healthcare-family-office-hfo\/","name":"Healthcare Family Office | Coordination sanitaire globale | CAD","isPartOf":{"@id":"https:\/\/cad.healthcare\/fr\/#website"},"primaryImageOfPage":{"@id":"https:\/\/cad.healthcare\/fr\/services\/healthcare-family-office-hfo\/#primaryimage"},"image":{"@id":"https:\/\/cad.healthcare\/fr\/services\/healthcare-family-office-hfo\/#primaryimage"},"thumbnailUrl":"https:\/\/cad.healthcare\/wp-content\/uploads\/2025\/05\/service-hfo.png","datePublished":"2025-05-20T09:07:48+00:00","dateModified":"2025-05-29T09:06:01+00:00","description":"Healthcare Family Office : un interlocuteur unique pour la coordination des soins des familles ayant des besoins m\u00e9dicaux complexes.","breadcrumb":{"@id":"https:\/\/cad.healthcare\/fr\/services\/healthcare-family-office-hfo\/#breadcrumb"},"inLanguage":"fr-FR","potentialAction":[{"@type":"ReadAction","target":["https:\/\/cad.healthcare\/fr\/services\/healthcare-family-office-hfo\/"]}]},{"@type":"ImageObject","inLanguage":"fr-FR","@id":"https:\/\/cad.healthcare\/fr\/services\/healthcare-family-office-hfo\/#primaryimage","url":"https:\/\/cad.healthcare\/wp-content\/uploads\/2025\/05\/service-hfo.png","contentUrl":"https:\/\/cad.healthcare\/wp-content\/uploads\/2025\/05\/service-hfo.png","width":890,"height":620,"caption":"healthcare family office"},{"@type":"BreadcrumbList","@id":"https:\/\/cad.healthcare\/fr\/services\/healthcare-family-office-hfo\/#breadcrumb","itemListElement":[{"@type":"ListItem","position":1,"name":"Home","item":"https:\/\/cad.healthcare\/fr\/"},{"@type":"ListItem","position":2,"name":"Services","item":"https:\/\/cad.healthcare\/fr\/servizi\/"},{"@type":"ListItem","position":3,"name":"Healthcare Family Office (HFO)"}]},{"@type":"WebSite","@id":"https:\/\/cad.healthcare\/fr\/#website","url":"https:\/\/cad.healthcare\/fr\/","name":"CAD","description":"Innovazione e Cura, direttamente a Casa Tua","potentialAction":[{"@type":"SearchAction","target":{"@type":"EntryPoint","urlTemplate":"https:\/\/cad.healthcare\/fr\/?s={search_term_string}"},"query-input":{"@type":"PropertyValueSpecification","valueRequired":true,"valueName":"search_term_string"}}],"inLanguage":"fr-FR"}]}},"_links":{"self":[{"href":"https:\/\/cad.healthcare\/fr\/wp-json\/wp\/v2\/pages\/2547","targetHints":{"allow":["GET"]}}],"collection":[{"href":"https:\/\/cad.healthcare\/fr\/wp-json\/wp\/v2\/pages"}],"about":[{"href":"https:\/\/cad.healthcare\/fr\/wp-json\/wp\/v2\/types\/page"}],"author":[{"embeddable":true,"href":"https:\/\/cad.healthcare\/fr\/wp-json\/wp\/v2\/users\/6"}],"replies":[{"embeddable":true,"href":"https:\/\/cad.healthcare\/fr\/wp-json\/wp\/v2\/comments?post=2547"}],"version-history":[{"count":0,"href":"https:\/\/cad.healthcare\/fr\/wp-json\/wp\/v2\/pages\/2547\/revisions"}],"up":[{"embeddable":true,"href":"https:\/\/cad.healthcare\/fr\/wp-json\/wp\/v2\/pages\/1904"}],"wp:featuredmedia":[{"embeddable":true,"href":"https:\/\/cad.healthcare\/fr\/wp-json\/wp\/v2\/media\/2416"}],"wp:attachment":[{"href":"https:\/\/cad.healthcare\/fr\/wp-json\/wp\/v2\/media?parent=2547"}],"curies":[{"name":"wp","href":"https:\/\/api.w.org\/{rel}","templated":true}]}}