{"id":2550,"date":"2025-05-20T09:05:02","date_gmt":"2025-05-20T09:05:02","guid":{"rendered":"https:\/\/cad.healthcare\/technologies\/cad-safe-bed-system\/"},"modified":"2025-05-29T09:13:10","modified_gmt":"2025-05-29T09:13:10","slug":"cad-safe-bed-system","status":"publish","type":"page","link":"https:\/\/cad.healthcare\/fr\/technologies\/cad-safe-bed-system\/","title":{"rendered":"CAD Safe Bed System"},"content":{"rendered":"<h2 class=\"p3\"><b>Pr\u00e9vention, d\u00e9tection et intervention : tout depuis le lit du patient<\/b><\/h2>\n<p>&nbsp;<\/p>\n<p class=\"p4\">Le <b>Safe Bed Monitoring de CAD<\/b> est une solution technologique innovante sp\u00e9cialement con\u00e7ue pour am\u00e9liorer la<b> s\u00e9curit\u00e9, le confort et l&rsquo;efficacit\u00e9 des soins prodigu\u00e9s aux personnes \u00e2g\u00e9es et fragiles<\/b>, tant dans les \u00e9tablissements r\u00e9sidentiels tels que les maisons de retraite et les cliniques sp\u00e9cialis\u00e9es qu&rsquo;\u00e0 domicile. Ce syst\u00e8me repr\u00e9sente une avanc\u00e9e significative dans la gestion des soins, avec le double objectif d&rsquo;optimiser les ressources disponibles et d&rsquo;am\u00e9liorer consid\u00e9rablement la qualit\u00e9 de vie des utilisateurs. <\/p>\n<p>&nbsp;<\/p>\n<h2 class=\"p5\"><b>Les caract\u00e9ristiques du Safe Bed System, <\/b>l<b>e syst\u00e8me qui veille sur le patient, <\/b><b>m\u00eame pendant son sommeil.<\/b><b><\/b><\/h2>\n<p>&nbsp;<\/p>\n<h3 class=\"p4\"><b>Une technologie de pointe pour la surveillance clinique pendant le repos.<\/b><\/h3>\n<p>&nbsp;<\/p>\n<p class=\"p6\">Le Safe Bed Monitoring utilise des capteurs avanc\u00e9s pour collecter de mani\u00e8re non invasive et en temps r\u00e9el un large \u00e9ventail de <b>param\u00e8tres physiologiques<\/b> fondamentaux pendant le positionnement au lit.<\/p>\n<p>&nbsp;<\/p>\n<ul class=\"ul1\">\n<li class=\"li4\"><b>Fr\u00e9quence cardiaque<\/b>: surveillance constante et d\u00e9tection, \u00e0 l&rsquo;aide d&rsquo;algorithmes pr\u00e9dictifs, du risque de d\u00e9velopper des arythmies.<\/li>\n<li class=\"li4\"><b>Fr\u00e9quence respiratoire<\/b>: surveillance constante et d\u00e9tection, \u00e0 l&rsquo;aide d&rsquo;algorithmes pr\u00e9dictifs, du risque de d\u00e9velopper des apn\u00e9es nocturnes.<\/li>\n<li class=\"li4\"><b>Variabilit\u00e9 de la fr\u00e9quence cardiaque (VFC)<\/b>: indicateur important pour \u00e9valuer le stress physiologique et la qualit\u00e9 g\u00e9n\u00e9rale du sommeil.<\/li>\n<li class=\"li4\"><b>Activit\u00e9 et mouvement corporel<\/b>: surveillance continue pour pr\u00e9venir les p\u00e9riodes d&rsquo;immobilit\u00e9 prolong\u00e9e.<\/li>\n<li class=\"li4\"><b>Pr\u00e9sence et absence du lit<\/b>: syst\u00e8me d&rsquo;alerte pour pr\u00e9venir les chutes ou autres accidents dus \u00e0 des absences prolong\u00e9es.<\/li>\n<li class=\"li4\"><b>Qualit\u00e9 et phases du sommeil<\/b>: analyse d\u00e9taill\u00e9e des phases du sommeil (REM, sommeil l\u00e9ger, \u00e9veil), indispensable pour optimiser le repos et la sant\u00e9 g\u00e9n\u00e9rale.<\/li>\n<\/ul>\n<p>&nbsp;<\/p>\n<h3 class=\"p4\"><b>Syst\u00e8me avanc\u00e9 d&rsquo;alarmes et de notifications instantan\u00e9es<\/b><\/h3>\n<p>&nbsp;<\/p>\n<p class=\"p4\">Uno dei punti di forza del Safe Bed Monitoring \u00e8 la capacit\u00e0 di generare <b>avvisi automatici<\/b> in tempo reale, <b>comunicando immediatamente con la Centrale Operativa di CAD<\/b>. Questo consente <b>interventi tempestivi<\/b> in situazioni potenzialmente critiche come: <\/p>\n<p>&nbsp;<\/p>\n<ul class=\"ul1\">\n<li class=\"li4\">Anomalies de la fr\u00e9quence cardiaque et respiratoire.<\/li>\n<li class=\"li4\">Absences prolong\u00e9es du lit, pouvant indiquer des chutes ou des malaises soudains.<\/li>\n<li class=\"li4\">Immobilit\u00e9 prolong\u00e9e, cruciale pour la pr\u00e9vention des ulc\u00e8res de pression.<\/li>\n<\/ul>\n<p>&nbsp;<\/p>\n<h3 class=\"p4\"><b>T\u00e9l\u00e9surveillance et centralisation efficace des donn\u00e9es<\/b><\/h3>\n<p>&nbsp;<\/p>\n<p class=\"p4\">Le <b>Safe Bed Monitoring<\/b> utilise une plateforme qui permet de surveiller en temps r\u00e9el l&rsquo;\u00e9tat de sant\u00e9 de tous les utilisateurs CAD, facilitant ainsi des interventions cibl\u00e9es et rapides. Le syst\u00e8me permet de <b>visualiser \u00e0 distance l&rsquo;\u00e9tat de l&rsquo;utilisateur<\/b>, g\u00e9n\u00e9rant des rapports d\u00e9taill\u00e9s sur la qualit\u00e9 du sommeil, partageables avec m\u00e9decins et infirmi\u00e8res, et sur l\u2019\u00e9tat de sant\u00e9 g\u00e9n\u00e9ral, contribuant ainsi \u00e0 une plus grande tranquillit\u00e9 d&rsquo;esprit et \u00e0 une plus grande confiance. Il s&rsquo;agit d&rsquo;un outil de contr\u00f4le tr\u00e8s efficace pour garantir la <b>s\u00e9curit\u00e9 nocturne<\/b>.  <b><\/b><\/p>\n<p>&nbsp;<\/p>\n<h3 class=\"p4\"><b>Simplicit\u00e9 d&rsquo;installation et compatibilit\u00e9 maximale<\/b><\/h3>\n<p>&nbsp;<\/p>\n<p class=\"p4\">L&rsquo;installation du Safe Bed Monitoring est simple, intuitive et non invasive. <b>Le capteur est plac\u00e9 sous le matelas<\/b> de l&rsquo;utilisateur et s&rsquo;adapte \u00e0 des matelas en latex, en mousse ou \u00e0 ressorts d&rsquo;une \u00e9paisseur comprise entre 6 et 30 cm, ce qui le rend compatible avec des sommiers \u00e0 lattes rigides et plates d&rsquo;une largeur minimale de 7 cm. Le processus d&rsquo;installation, effectu\u00e9 par le personnel technique de CAD, permet une mise en \u0153uvre ais\u00e9e dans les structures existantes. <\/p>\n<p>&nbsp;<\/p>\n<h2 class=\"p5\"><b>Avantages tangibles de la surveillance intelligente pour les utilisateurs, les soignants et les institutions<\/b><\/h2>\n<p>&nbsp;<\/p>\n<p class=\"p4\">La mise en \u0153uvre du Safe Bed Monitoring de CAD g\u00e9n\u00e8re de nombreux avantages:<\/p>\n<p>&nbsp;<\/p>\n<ul class=\"ul1\">\n<li class=\"li4\"><b>S\u00e9curit\u00e9 accrue<\/b>: gr\u00e2ce \u00e0 une surveillance constante, en particulier pendant la nuit, les accidents potentiellement dangereux sont \u00e9vit\u00e9s.<\/li>\n<li class=\"li4\"><b>R\u00e9duction significative des co\u00fbts d&rsquo;exploitation<\/b>: le besoin en personnel soignant d\u00e9di\u00e9 \u00e0 la surveillance continue diminue, ce qui optimise les ressources disponibles.<\/li>\n<li class=\"li4\"><b>Augmentation de l&rsquo;efficacit\u00e9 op\u00e9rationnelle<\/b>: la gestion num\u00e9rique permet un contr\u00f4le pr\u00e9cis et r\u00e9duit les erreurs et les temps d&rsquo;intervention.<\/li>\n<li class=\"li4\"><b>Pr\u00e9vention avanc\u00e9e: <\/b>la capacit\u00e9 pr\u00e9dictive du syst\u00e8me permet d&rsquo;anticiper et de pr\u00e9venir les situations probl\u00e9matiques telles que les chutes et les complications m\u00e9dicales.<\/li>\n<li class=\"li4\"><b>Am\u00e9lioration de la qualit\u00e9 de vie<\/b>: gr\u00e2ce \u00e0 un sommeil plus s\u00fbr et surveill\u00e9, un bien-\u00eatre g\u00e9n\u00e9ral am\u00e9lior\u00e9 et une gestion plus pr\u00e9cise des soins de sant\u00e9 sont garantis.<\/li>\n<\/ul>\n<p>&nbsp;<\/p>\n<p class=\"p4\">Contactez-nous pour d\u00e9couvrir comment int\u00e9grer le Safe Bed System dans votre \u00e9tablissement ou votre domicile, et transformer ainsi l&rsquo;aide aux personnes \u00e2g\u00e9es en un service de pointe, s\u00fbr, efficace et \u00e9conomiquement avantageux.<\/p>\n<p class=\"p10\"><a class=\"et_pb_button\" href=\"https:\/\/cad.healthcare\/fr\/contact\/\">Contactez-nous<\/a><\/p>\n","protected":false},"excerpt":{"rendered":"<p>Dispositif innovant de t\u00e9l\u00e9surveillance pour la surveillance avanc\u00e9e du sommeil<\/p>\n","protected":false},"author":6,"featured_media":2140,"parent":1923,"menu_order":20,"comment_status":"closed","ping_status":"closed","template":"","meta":{"_et_pb_use_builder":"","_et_pb_old_content":"","_et_gb_content_width":"","inline_featured_image":false,"footnotes":""},"class_list":["post-2550","page","type-page","status-publish","has-post-thumbnail","hentry"],"yoast_head":"<!-- This site is optimized with the Yoast SEO plugin v27.5 - https:\/\/yoast.com\/product\/yoast-seo-wordpress\/ -->\n<title>Safe Bed System | Monitorage avanc\u00e9 du sommeil | CAD<\/title>\n<meta name=\"description\" content=\"Safe Bed System : un dispositif innovant de t\u00e9l\u00e9assistance avec monitorage clinique du sommeil et syst\u00e8me d\u2019alarme int\u00e9gr\u00e9.\" \/>\n<meta name=\"robots\" content=\"index, follow, max-snippet:-1, max-image-preview:large, max-video-preview:-1\" \/>\n<link rel=\"canonical\" href=\"https:\/\/cad.healthcare\/fr\/technologies\/cad-safe-bed-system\/\" \/>\n<meta property=\"og:locale\" content=\"fr_FR\" \/>\n<meta property=\"og:type\" content=\"article\" \/>\n<meta property=\"og:title\" content=\"Safe Bed System | Monitorage avanc\u00e9 du sommeil | CAD\" \/>\n<meta property=\"og:description\" content=\"Safe Bed System : un dispositif innovant de t\u00e9l\u00e9assistance avec monitorage clinique du sommeil et syst\u00e8me d\u2019alarme int\u00e9gr\u00e9.\" \/>\n<meta property=\"og:url\" content=\"https:\/\/cad.healthcare\/fr\/technologies\/cad-safe-bed-system\/\" \/>\n<meta property=\"og:site_name\" content=\"CAD\" \/>\n<meta property=\"article:modified_time\" content=\"2025-05-29T09:13:10+00:00\" \/>\n<meta property=\"og:image\" content=\"https:\/\/cad.healthcare\/wp-content\/uploads\/2025\/05\/CAD-safe-bed-monitoring-sensore-presenza-a-letto.jpg\" \/>\n\t<meta property=\"og:image:width\" content=\"890\" \/>\n\t<meta property=\"og:image:height\" content=\"620\" \/>\n\t<meta property=\"og:image:type\" content=\"image\/jpeg\" \/>\n<meta name=\"twitter:card\" content=\"summary_large_image\" \/>\n<meta name=\"twitter:label1\" content=\"Dur\u00e9e de lecture estim\u00e9e\" \/>\n\t<meta name=\"twitter:data1\" content=\"4 minutes\" \/>\n<script type=\"application\/ld+json\" class=\"yoast-schema-graph\">{\"@context\":\"https:\\\/\\\/schema.org\",\"@graph\":[{\"@type\":\"WebPage\",\"@id\":\"https:\\\/\\\/cad.healthcare\\\/fr\\\/technologies\\\/cad-safe-bed-system\\\/\",\"url\":\"https:\\\/\\\/cad.healthcare\\\/fr\\\/technologies\\\/cad-safe-bed-system\\\/\",\"name\":\"Safe Bed System | Monitorage avanc\u00e9 du sommeil | CAD\",\"isPartOf\":{\"@id\":\"https:\\\/\\\/cad.healthcare\\\/fr\\\/#website\"},\"primaryImageOfPage\":{\"@id\":\"https:\\\/\\\/cad.healthcare\\\/fr\\\/technologies\\\/cad-safe-bed-system\\\/#primaryimage\"},\"image\":{\"@id\":\"https:\\\/\\\/cad.healthcare\\\/fr\\\/technologies\\\/cad-safe-bed-system\\\/#primaryimage\"},\"thumbnailUrl\":\"https:\\\/\\\/cad.healthcare\\\/wp-content\\\/uploads\\\/2025\\\/05\\\/CAD-safe-bed-monitoring-sensore-presenza-a-letto.jpg\",\"datePublished\":\"2025-05-20T09:05:02+00:00\",\"dateModified\":\"2025-05-29T09:13:10+00:00\",\"description\":\"Safe Bed System : un dispositif innovant de t\u00e9l\u00e9assistance avec monitorage clinique du sommeil et syst\u00e8me d\u2019alarme int\u00e9gr\u00e9.\",\"breadcrumb\":{\"@id\":\"https:\\\/\\\/cad.healthcare\\\/fr\\\/technologies\\\/cad-safe-bed-system\\\/#breadcrumb\"},\"inLanguage\":\"fr-FR\",\"potentialAction\":[{\"@type\":\"ReadAction\",\"target\":[\"https:\\\/\\\/cad.healthcare\\\/fr\\\/technologies\\\/cad-safe-bed-system\\\/\"]}]},{\"@type\":\"ImageObject\",\"inLanguage\":\"fr-FR\",\"@id\":\"https:\\\/\\\/cad.healthcare\\\/fr\\\/technologies\\\/cad-safe-bed-system\\\/#primaryimage\",\"url\":\"https:\\\/\\\/cad.healthcare\\\/wp-content\\\/uploads\\\/2025\\\/05\\\/CAD-safe-bed-monitoring-sensore-presenza-a-letto.jpg\",\"contentUrl\":\"https:\\\/\\\/cad.healthcare\\\/wp-content\\\/uploads\\\/2025\\\/05\\\/CAD-safe-bed-monitoring-sensore-presenza-a-letto.jpg\",\"width\":890,\"height\":620,\"caption\":\"safe bed monitoring sensore presenza a letto\"},{\"@type\":\"BreadcrumbList\",\"@id\":\"https:\\\/\\\/cad.healthcare\\\/fr\\\/technologies\\\/cad-safe-bed-system\\\/#breadcrumb\",\"itemListElement\":[{\"@type\":\"ListItem\",\"position\":1,\"name\":\"Home\",\"item\":\"https:\\\/\\\/cad.healthcare\\\/fr\\\/\"},{\"@type\":\"ListItem\",\"position\":2,\"name\":\"Technologies\",\"item\":\"https:\\\/\\\/cad.healthcare\\\/fr\\\/tecnologie\\\/\"},{\"@type\":\"ListItem\",\"position\":3,\"name\":\"CAD Safe Bed System\"}]},{\"@type\":\"WebSite\",\"@id\":\"https:\\\/\\\/cad.healthcare\\\/fr\\\/#website\",\"url\":\"https:\\\/\\\/cad.healthcare\\\/fr\\\/\",\"name\":\"CAD\",\"description\":\"Innovazione e Cura, direttamente a Casa Tua\",\"potentialAction\":[{\"@type\":\"SearchAction\",\"target\":{\"@type\":\"EntryPoint\",\"urlTemplate\":\"https:\\\/\\\/cad.healthcare\\\/fr\\\/?s={search_term_string}\"},\"query-input\":{\"@type\":\"PropertyValueSpecification\",\"valueRequired\":true,\"valueName\":\"search_term_string\"}}],\"inLanguage\":\"fr-FR\"}]}<\/script>\n<!-- \/ Yoast SEO plugin. -->","yoast_head_json":{"title":"Safe Bed System | Monitorage avanc\u00e9 du sommeil | CAD","description":"Safe Bed System : un dispositif innovant de t\u00e9l\u00e9assistance avec monitorage clinique du sommeil et syst\u00e8me d\u2019alarme int\u00e9gr\u00e9.","robots":{"index":"index","follow":"follow","max-snippet":"max-snippet:-1","max-image-preview":"max-image-preview:large","max-video-preview":"max-video-preview:-1"},"canonical":"https:\/\/cad.healthcare\/fr\/technologies\/cad-safe-bed-system\/","og_locale":"fr_FR","og_type":"article","og_title":"Safe Bed System | Monitorage avanc\u00e9 du sommeil | CAD","og_description":"Safe Bed System : un dispositif innovant de t\u00e9l\u00e9assistance avec monitorage clinique du sommeil et syst\u00e8me d\u2019alarme int\u00e9gr\u00e9.","og_url":"https:\/\/cad.healthcare\/fr\/technologies\/cad-safe-bed-system\/","og_site_name":"CAD","article_modified_time":"2025-05-29T09:13:10+00:00","og_image":[{"width":890,"height":620,"url":"https:\/\/cad.healthcare\/wp-content\/uploads\/2025\/05\/CAD-safe-bed-monitoring-sensore-presenza-a-letto.jpg","type":"image\/jpeg"}],"twitter_card":"summary_large_image","twitter_misc":{"Dur\u00e9e de lecture estim\u00e9e":"4 minutes"},"schema":{"@context":"https:\/\/schema.org","@graph":[{"@type":"WebPage","@id":"https:\/\/cad.healthcare\/fr\/technologies\/cad-safe-bed-system\/","url":"https:\/\/cad.healthcare\/fr\/technologies\/cad-safe-bed-system\/","name":"Safe Bed System | Monitorage avanc\u00e9 du sommeil | CAD","isPartOf":{"@id":"https:\/\/cad.healthcare\/fr\/#website"},"primaryImageOfPage":{"@id":"https:\/\/cad.healthcare\/fr\/technologies\/cad-safe-bed-system\/#primaryimage"},"image":{"@id":"https:\/\/cad.healthcare\/fr\/technologies\/cad-safe-bed-system\/#primaryimage"},"thumbnailUrl":"https:\/\/cad.healthcare\/wp-content\/uploads\/2025\/05\/CAD-safe-bed-monitoring-sensore-presenza-a-letto.jpg","datePublished":"2025-05-20T09:05:02+00:00","dateModified":"2025-05-29T09:13:10+00:00","description":"Safe Bed System : un dispositif innovant de t\u00e9l\u00e9assistance avec monitorage clinique du sommeil et syst\u00e8me d\u2019alarme int\u00e9gr\u00e9.","breadcrumb":{"@id":"https:\/\/cad.healthcare\/fr\/technologies\/cad-safe-bed-system\/#breadcrumb"},"inLanguage":"fr-FR","potentialAction":[{"@type":"ReadAction","target":["https:\/\/cad.healthcare\/fr\/technologies\/cad-safe-bed-system\/"]}]},{"@type":"ImageObject","inLanguage":"fr-FR","@id":"https:\/\/cad.healthcare\/fr\/technologies\/cad-safe-bed-system\/#primaryimage","url":"https:\/\/cad.healthcare\/wp-content\/uploads\/2025\/05\/CAD-safe-bed-monitoring-sensore-presenza-a-letto.jpg","contentUrl":"https:\/\/cad.healthcare\/wp-content\/uploads\/2025\/05\/CAD-safe-bed-monitoring-sensore-presenza-a-letto.jpg","width":890,"height":620,"caption":"safe bed monitoring sensore presenza a letto"},{"@type":"BreadcrumbList","@id":"https:\/\/cad.healthcare\/fr\/technologies\/cad-safe-bed-system\/#breadcrumb","itemListElement":[{"@type":"ListItem","position":1,"name":"Home","item":"https:\/\/cad.healthcare\/fr\/"},{"@type":"ListItem","position":2,"name":"Technologies","item":"https:\/\/cad.healthcare\/fr\/tecnologie\/"},{"@type":"ListItem","position":3,"name":"CAD Safe Bed System"}]},{"@type":"WebSite","@id":"https:\/\/cad.healthcare\/fr\/#website","url":"https:\/\/cad.healthcare\/fr\/","name":"CAD","description":"Innovazione e Cura, direttamente a Casa Tua","potentialAction":[{"@type":"SearchAction","target":{"@type":"EntryPoint","urlTemplate":"https:\/\/cad.healthcare\/fr\/?s={search_term_string}"},"query-input":{"@type":"PropertyValueSpecification","valueRequired":true,"valueName":"search_term_string"}}],"inLanguage":"fr-FR"}]}},"_links":{"self":[{"href":"https:\/\/cad.healthcare\/fr\/wp-json\/wp\/v2\/pages\/2550","targetHints":{"allow":["GET"]}}],"collection":[{"href":"https:\/\/cad.healthcare\/fr\/wp-json\/wp\/v2\/pages"}],"about":[{"href":"https:\/\/cad.healthcare\/fr\/wp-json\/wp\/v2\/types\/page"}],"author":[{"embeddable":true,"href":"https:\/\/cad.healthcare\/fr\/wp-json\/wp\/v2\/users\/6"}],"replies":[{"embeddable":true,"href":"https:\/\/cad.healthcare\/fr\/wp-json\/wp\/v2\/comments?post=2550"}],"version-history":[{"count":0,"href":"https:\/\/cad.healthcare\/fr\/wp-json\/wp\/v2\/pages\/2550\/revisions"}],"up":[{"embeddable":true,"href":"https:\/\/cad.healthcare\/fr\/wp-json\/wp\/v2\/pages\/1923"}],"wp:featuredmedia":[{"embeddable":true,"href":"https:\/\/cad.healthcare\/fr\/wp-json\/wp\/v2\/media\/2140"}],"wp:attachment":[{"href":"https:\/\/cad.healthcare\/fr\/wp-json\/wp\/v2\/media?parent=2550"}],"curies":[{"name":"wp","href":"https:\/\/api.w.org\/{rel}","templated":true}]}}